{"id":29997,"date":"2019-12-31T10:58:12","date_gmt":"2019-12-31T08:58:12","guid":{"rendered":"http:\/\/www.schnauzerclub.sk\/2019-riesenschnauzer\/"},"modified":"2021-01-05T20:04:05","modified_gmt":"2021-01-05T18:04:05","slug":"2019-riesenschnauzer","status":"publish","type":"page","link":"https:\/\/www.schnauzerclub.sk\/en\/stud-book\/2019-riesenschnauzer\/","title":{"rendered":"2019 Riesenschnauzer"},"content":{"rendered":"<p>Riesenschnauzer<\/p>\n<p><strong>Triumetal \/black\/<\/strong><br \/>\nSla\u010dkov\u00e1 Jaroslava Ing.<br \/>\nPriebe\u017en\u00e1 489\/9,031 04 Liptovsk\u00fd Mikul\u00e1\u0161<br \/>\n14.12.2018<br \/>\nHURRICAN ze Slune\u010dn\u00e9 verandy\/SPKP 2052<br \/>\nRED SUNSHINE Triumetal\/SPKP 1842<br \/>\n2143 F FIREFLY II.<\/p>\n<p><strong>Triumetal \/black\/<\/strong><br \/>\nSla\u010dkov\u00e1 Jaroslava Ing.<br \/>\nPriebe\u017en\u00e1 489\/9,031 04 Liptovsk\u00fd Mikul\u00e1\u0161<br \/>\n09.03.2019<br \/>\nFRENKLIN ze Slune\u010dn\u00e9 verandy\/CMKU 6551<br \/>\nVESPER Triumetal\/SPKP 1945<br \/>\n2144 M GALLOP<br \/>\n2145 M GARY GLITTER<br \/>\n2146 M GETAWAY<br \/>\n2147 M GLACIER<br \/>\n2148 M GREY GUARDIAN<br \/>\n2149 M GROSS GHOST<br \/>\n2150 F GALACTIC GATE<br \/>\n2151 F GARNET<br \/>\n2152 F GELID GALE<br \/>\n2153 F GEORGIE<br \/>\n2154 F GLAMOUR GIRL<\/p>\n<p><strong>Kalimantana \/black\/<\/strong><br \/>\nKoct\u00farov\u00e1 Janka<br \/>\nPovstaleck\u00e1 33,974 09 Bansk\u00e1 Bystrica<br \/>\n18.03.2019<br \/>\nFRODO Dyas Poland\/SPKP 1793<br \/>\nBERTA Kalimantana\/SPKP 1888<br \/>\n2155 M DARVIN<br \/>\n2156 M DIOR<br \/>\n2157 F DAJEN<br \/>\n2158 F DARENN<br \/>\n2159 F DARLIN<br \/>\n2160 F DEJNA<br \/>\n2161 F DOLLY SUGAR<\/p>\n<p><strong>Liliana garden \/black\/<\/strong><br \/>\nMol\u010dan Miroslav<br \/>\nVa\u013ekovsk\u00e1 19, 08005 Solivar<br \/>\n26.06.2019<br \/>\nARI Giom Kastasi\/SPKP 1988<br \/>\nAMBER BROOCH Triumetal\/SPKP 2028<br \/>\n2164 M ABDUL<br \/>\n2165 M AARON<br \/>\n2166 M ARES<br \/>\n2167 M ASLAN<br \/>\n2168 F ALMMA<br \/>\n2169 F AGIRA<br \/>\n2170 F AMBRA<\/p>\n<p><strong>Triumetal \/black\/<\/strong><br \/>\nSla\u010dkov\u00e1 Jaroslava Ing.<br \/>\nPriebe\u017en\u00e1 489\/9, 031 04 Liptovsk\u00fd Mikul\u00e1\u0161<br \/>\n02.10.2019<br \/>\nCHARLIE HUGO Radinie\/CMKU 6746<br \/>\nZETTA-JONES Triumetal\/SPKP 2005<br \/>\n2172 M HIGH EFFECT<br \/>\n2173 M HIGHWAY STAR<br \/>\n2174 M HUGO CHARLIE<br \/>\n2175 F HAPPY HONEY<br \/>\n2176 F HEAVEN HESPERUS<\/p>\n","protected":false},"excerpt":{"rendered":"<p>Riesenschnauzer Triumetal \/black\/ Sla\u010dkov\u00e1 Jaroslava Ing. Priebe\u017en\u00e1 489\/9,031 04 Liptovsk\u00fd Mikul\u00e1\u0161 14.12.2018 HURRICAN ze Slune\u010dn\u00e9 verandy\/SPKP 2052 RED SUNSHINE Triumetal\/SPKP 1842 2143 F FIREFLY II. Triumetal \/black\/ Sla\u010dkov\u00e1 Jaroslava Ing. Priebe\u017en\u00e1 489\/9,031 04 Liptovsk\u00fd Mikul\u00e1\u0161 09.03.2019 FRENKLIN ze Slune\u010dn\u00e9 verandy\/CMKU 6551 VESPER Triumetal\/SPKP 1945 2144 M GALLOP 2145 M GARY GLITTER 2146 M GETAWAY 2147 [&hellip;]<\/p>\n","protected":false},"author":2,"featured_media":0,"parent":2990,"menu_order":0,"comment_status":"closed","ping_status":"closed","template":"","meta":{"slim_seo":{"title":"2019 Riesenschnauzer - KCHPB","description":"Riesenschnauzer Triumetal \/black\/ Sla\u010dkov\u00e1 Jaroslava Ing. Priebe\u017en\u00e1 489\/9,031 04 Liptovsk\u00fd Mikul\u00e1\u0161 14.12.2018 HURRICAN ze Slune\u010dn\u00e9 verandy\/SPKP 2052 RED SUNSHIN"},"footnotes":""},"class_list":["post-29997","page","type-page","status-publish","hentry"],"_links":{"self":[{"href":"https:\/\/www.schnauzerclub.sk\/en\/wp-json\/wp\/v2\/pages\/29997","targetHints":{"allow":["GET"]}}],"collection":[{"href":"https:\/\/www.schnauzerclub.sk\/en\/wp-json\/wp\/v2\/pages"}],"about":[{"href":"https:\/\/www.schnauzerclub.sk\/en\/wp-json\/wp\/v2\/types\/page"}],"author":[{"embeddable":true,"href":"https:\/\/www.schnauzerclub.sk\/en\/wp-json\/wp\/v2\/users\/2"}],"replies":[{"embeddable":true,"href":"https:\/\/www.schnauzerclub.sk\/en\/wp-json\/wp\/v2\/comments?post=29997"}],"version-history":[{"count":0,"href":"https:\/\/www.schnauzerclub.sk\/en\/wp-json\/wp\/v2\/pages\/29997\/revisions"}],"up":[{"embeddable":true,"href":"https:\/\/www.schnauzerclub.sk\/en\/wp-json\/wp\/v2\/pages\/2990"}],"wp:attachment":[{"href":"https:\/\/www.schnauzerclub.sk\/en\/wp-json\/wp\/v2\/media?parent=29997"}],"curies":[{"name":"wp","href":"https:\/\/api.w.org\/{rel}","templated":true}]}}