{"id":30009,"date":"2019-12-31T11:09:57","date_gmt":"2019-12-31T09:09:57","guid":{"rendered":"http:\/\/www.schnauzerclub.sk\/stud-book\/2019-zwergschnauzer\/"},"modified":"2021-01-05T10:21:59","modified_gmt":"2021-01-05T08:21:59","slug":"2019-zwergschnauzer","status":"publish","type":"page","link":"https:\/\/www.schnauzerclub.sk\/en\/stud-book\/2019-zwergschnauzer\/","title":{"rendered":"2019 Zwergschnauzer"},"content":{"rendered":"<p><strong>Zwergschnauzer<\/strong><\/p>\n<p><strong>Wild Rane (black)<\/strong><br \/>\nAdam\u010diakovi Juraj a Andrea<br \/>\n\u017delezni\u010dn\u00e1 955,\u00a0034 95 Likavka<br \/>\n31.12.2018<br \/>\nEARNUR STAR FROM Dolina Rivendell\/SPKP 2319<br \/>\nXANTHE GWENN NICCOL Wild Rane\/SPKP 2679<br \/>\n2931 P JACOBE EARNUR STAR<br \/>\n2932 P JEWEL EARNUR STAR<br \/>\n2933 P JIMMI EARNUR STAR<br \/>\n2934 S JAMELIA XANTHE<br \/>\n2935 S JENNIFER XANTHE<\/p>\n<p><strong>Wild Rane (black)<\/strong><br \/>\nAdam\u010diakovi Juraj a Andrea<br \/>\n\u017delezni\u010dn\u00e1 955,\u00a0034 95 Likavka<br \/>\n11.01.2019<br \/>\nCARLSBERG de Lordship\u00b4s\/LOE 232114<br \/>\nNICCOL KRIST\u00cdNA Wild Rane\/SPKP 2414<br \/>\n2936 P KAIL CARLSBERG<br \/>\n2937 P KELLEN CARLSBERG<br \/>\n2938 S KALEY NICCOL<br \/>\n2939 S KAREN NICCOL<br \/>\n2940 S KAROL\u00cdNKA NICCOL<\/p>\n<p><strong>My angel Tomi (black)<\/strong><br \/>\nNechalovi Jana a Michal<br \/>\nPribinova 21,\u00a0053 11 Smi\u017eany<br \/>\n19.04.2019<br \/>\nJARED Enel fenomen\/SPKP 2259<br \/>\nSUGAR BABY FAIRY Wild Rane\/SPKP 2511<br \/>\n2943 P I LIKE TO MOVE IT<br \/>\n2944 P I WANT TO BREAK FREE<br \/>\n2945 S ICE ICE BABY<br \/>\n2946 S I FEEL GOOD<br \/>\n2947 S IN BLOOM<br \/>\n2948 S IRISH COFFEE<\/p>\n<p><strong>Kelador (pepper &amp; salt)<\/strong><br \/>\nStrakov\u00e1 Zuzana<br \/>\nBrig\u00e1dnick\u00e1 5,\u00a0841 10 Bratislava<br \/>\n01.04.2019<br \/>\nJIN JANG Vigdergauz\/SPKP 2811<br \/>\nJESABELL Kelador\/SPKP 2432<br \/>\n2949 P ODIN<br \/>\n2950 S ODYSSEA<br \/>\n2951 S OLYMPIA<\/p>\n<p><strong>Wild Rane (black)<\/strong><br \/>\nAdam\u010diakovi Juraj a Andrea<br \/>\n\u017delezni\u010dn\u00e1 955<br \/>\n034 95 Likavka<br \/>\n21.03.2019<br \/>\nYANK Dreamkiss\/RKF 515116<br \/>\nJUST BEAUTY Victorious Star\/SPKP 2798<br \/>\n2952 P LEO YANK<br \/>\n2953 P LUCAS YANK<br \/>\n2954 P LUXUS YANK<br \/>\n2955 S LARA JUST BEAUTY<br \/>\n2956 S LIBU\u0160KA JUST BEAUTY<br \/>\n2957 S LUNA JUST BEAUTY<\/p>\n<p><strong>Dastynella elegant (black &amp; silver)<\/strong><br \/>\nPint\u00e9r Karol<br \/>\n044 01 Drienovec 350<br \/>\n14.04.2019<br \/>\nKODIAK Vigdergauz\/SPKP 2859<br \/>\nJEKATERINA\u00b4S PEARL FROM Dolina Rivendell\/SPKP 2330<br \/>\n2959 P IYNEFER<br \/>\n2960 P IFE<br \/>\n2961 S INENI<br \/>\n2962 S ISET<br \/>\n2963 S ISSA<\/p>\n<p><strong>Wild Rane (black)<\/strong><br \/>\nAdam\u010diakovi Juraj a Andrea<br \/>\n\u017delezni\u010dn\u00e1 955<br \/>\n034 95 Likavka<br \/>\n10.06.2019<br \/>\nNATAR HAMLET Wild Rane\/SPKP 2411<br \/>\nVARVARA JULIE GOLDIE Wild Rane\/SPKP 2615<br \/>\n2965 P MR.MARKUS NATAR<br \/>\n2966 P MR.MARLEY NATAR<br \/>\n2967 S MS.MAYA VARVARA<\/p>\n<p><strong>Wild Rane (pepper &amp; salt)<\/strong><br \/>\nAdam\u010diakovi Juraj a Andrea<br \/>\n\u017delezni\u010dn\u00e1 955<br \/>\n034 95 Likavka<br \/>\n13.06.2019<br \/>\nOLIVER KING Astronaut\/SPKP 2574<br \/>\nPRINCESS LEA JASMIN Wild Rane\/SPKP 2449<br \/>\n2968 P NICCO OLIVER KING<br \/>\n2969 P NOEL OLIVER KING<br \/>\n2970 S NAYLA PRINCESS LEA<br \/>\n2971 S NOWA PRINCESS LEA<\/p>\n<p><strong>Archeus (black)<\/strong><br \/>\nKov\u00e1cs Pavel Ing.PhD.<br \/>\nPodture\u0148 613<br \/>\n033 01 Liptovsk\u00fd Hr\u00e1dok<br \/>\n12.06.2019<br \/>\nYANK Dreamkiss\/RKF 515116<br \/>\nKASSANDRA KRISTINKA Wild Rane\/SPKP 2313<br \/>\n2972 P CASSIUS YANK<br \/>\n2973 P CHARLES YANK<br \/>\n2974 P CRIS YANK<br \/>\n2975 S CAISEY KASSANDRA<br \/>\n2976 S CELLY KASSANDRA<br \/>\n2977 S CHLO\u00c9 KASSANDRA<br \/>\n2978 S CLEY KASSANDRA<\/p>\n<p><strong>z Bieleho domu (white)<\/strong><br \/>\nStan\u00edk Miroslav<br \/>\nP\u00e1rnica 434<br \/>\n026 01 Doln\u00fd Kub\u00edn<br \/>\n08.05.2019<br \/>\nAWESOME MARSHALL z Bieleho domu\/SPKP 2585<br \/>\nBELLATRIX LESTRANGE z \u0160ardanu\/SPKP 2505<br \/>\n2979 P KASKAL<br \/>\n2980 S KIM KARDASHIAN<br \/>\n2981 S KYLIE JENNER<br \/>\n2982 S KRIS JENNER<br \/>\n2983 S KOURTNEY KARDASHIAN<br \/>\n2984 S KHLOE KARDASHIAN<br \/>\n2985 S KENDALL JENNER<\/p>\n<p><strong>Dastynella elegant (white)<\/strong><br \/>\nPint\u00e9r Karol<br \/>\n044 01 Drienovec 350<br \/>\n17.05.2019<br \/>\nYAFEU Dastynella elegant\/SPKP 2805<br \/>\nSEA GHOST FROM Dolina Rivendell\/SPKP 2407<br \/>\n2986 P JABARI<br \/>\n2987 S JAFARI<br \/>\n2988 S JAHI<br \/>\n2989 S JIBADE<\/p>\n<p><strong>Wild Rane (pepper &amp; salt)<\/strong><br \/>\nAdam\u010diakovi Juraj a Andrea<br \/>\n\u017delezni\u010dn\u00e1 955<br \/>\n034 95 Likavka<br \/>\n17.06.2019<br \/>\nJIN JANG Vigdergauz\/SPKP 2811<br \/>\nZOEY PRINCESS LEA Wild Rane\/SPKP 2708<br \/>\n2990 P ORION JIN JANG<br \/>\n2991 P OLIVER JIN JANG<br \/>\n2992 P OZZY JIN JANG<br \/>\n2993 S OLIVIA ZOEY<\/p>\n<p><strong>Henriet\u00b4s garden (black &amp; silver)<\/strong><br \/>\nVojt\u00e1\u0161ov\u00e1 Henrieta<br \/>\nPodhrabina 272<br \/>\n082 15 Chme\u013eov<br \/>\n15.05.2019<br \/>\nBAGGY Altan-Corgo\/SPKP 2812<br \/>\nXANTHE Dastynella elegant\/SPKP 2802<br \/>\n2994 P IKAR<br \/>\n2995 S IKEA<br \/>\n2996 S INES<br \/>\n2997 S ISKRA<\/p>\n<p><strong>Dastynella elegant (black)<\/strong><br \/>\nPint\u00e9r Karol<br \/>\n044 01 Drienovec 350<br \/>\n30.07.2019<br \/>\nCARLSBERG de Lordship\u00b4s\/LOE 232114<br \/>\nKLEOPATRA Dastynella elegant\/SPKP 2552<br \/>\n2999 P LAPIS<br \/>\n3000 P LATEEF<br \/>\n3001 P LAZULI<br \/>\n3002 S LAYLA<br \/>\n3003 S LISIMBA<\/p>\n<p><strong>Dastynella elegant (pepper &amp; salt)<\/strong><br \/>\nPint\u00e9r Karol<br \/>\n044 01 Drienovec 350<br \/>\n17.07.2019<br \/>\nJIN JANG Vigdergauz\/SPKP 2811<br \/>\nUSHABTI Dastynella elegant\/SPKP 2702<br \/>\n3004 P KARNAK<br \/>\n3005 P KHEOPS<br \/>\n3006 S KHAFRE<br \/>\n3007 S KHUFU PYRAMID<br \/>\n3008 S KLEOPATRA PS<\/p>\n<p><strong>z Bieleho domu (white)<\/strong><br \/>\nStan\u00edk Miroslav<br \/>\nP\u00e1rnica 434<br \/>\n026 01 Doln\u00fd Kub\u00edn<br \/>\n13.08.2019<br \/>\nAWESOME MARSHALL z Bieleho domu\/SPKP 2585<br \/>\nFUTURE PRINCESS z Bieleho domu\/SPKP 2788<br \/>\n3009 P LORD<br \/>\n3010 P LEXUS<br \/>\n3011 S LADY GAGA<br \/>\n3012 S LORA<br \/>\n3013 S LUNABELLA<br \/>\n3014 S LUCIENNE<\/p>\n<p><strong>Ragendorf (black)<\/strong><br \/>\nKeszely Marco<br \/>\nP.J.\u0160af\u00e1rika 377\/11<br \/>\n92701 \u0160a\u013ea<br \/>\n24.09.2019<br \/>\nOFFSET Rezlark\/CMKU 8754<br \/>\nFELHIT ASMARA SUGAR Wild Rane\/SPKP 2834<br \/>\n3015 P ATLANTIC<br \/>\n3016 P AMETHYST<br \/>\n3017 S AURA<br \/>\n3018 S ATLANTA SUNNY<br \/>\n3019 S ANDORA ANNIE<\/p>\n<p><strong>Danky dog (pepper &amp; salt)<\/strong><br \/>\nChrenkov\u00e1 Daniela<br \/>\nE. Necseya 3166\/1<br \/>\n010 08 \u017dilina<br \/>\n25.10.2019<br \/>\nPASCO z Marzemu\/SPKP 2871<br \/>\nD\u00c1\u0160ENKA Danky dog\/SPKP 2683<br \/>\n3020 P ELIOT<br \/>\n3021 P EV\u017dEN<br \/>\n3022 S ELV\u00cdRA<br \/>\n3023 S ELZA<br \/>\n3024 S ESTER<\/p>\n<p><strong>Dastynella elegant (black &amp; silver)<\/strong><br \/>\nPint\u00e9r Karol<br \/>\n044 01 Drienovec 350<br \/>\n21.10.2019<br \/>\nKODIAK Vigdergauz\/SPKP 2859<br \/>\nORKA Enel fenomen\/SPKP 2461<br \/>\n3026 P MENTUHOTEP BS<\/p>\n","protected":false},"excerpt":{"rendered":"<p>Zwergschnauzer Wild Rane (black) Adam\u010diakovi Juraj a Andrea \u017delezni\u010dn\u00e1 955,\u00a0034 95 Likavka 31.12.2018 EARNUR STAR FROM Dolina Rivendell\/SPKP 2319 XANTHE GWENN NICCOL Wild Rane\/SPKP 2679 2931 P JACOBE EARNUR STAR 2932 P JEWEL EARNUR STAR 2933 P JIMMI EARNUR STAR 2934 S JAMELIA XANTHE 2935 S JENNIFER XANTHE Wild Rane (black) Adam\u010diakovi Juraj a Andrea [&hellip;]<\/p>\n","protected":false},"author":2,"featured_media":0,"parent":2990,"menu_order":0,"comment_status":"closed","ping_status":"closed","template":"","meta":{"slim_seo":{"title":"2019 Zwergschnauzer - KCHPB","description":"Zwergschnauzer Wild Rane (black) Adam\u010diakovi Juraj a Andrea \u017delezni\u010dn\u00e1 955,\u00a0034 95 Likavka 31.12.2018 EARNUR STAR FROM Dolina Rivendell\/SPKP 2319 XANTHE GWENN N"},"footnotes":""},"class_list":["post-30009","page","type-page","status-publish","hentry"],"_links":{"self":[{"href":"https:\/\/www.schnauzerclub.sk\/en\/wp-json\/wp\/v2\/pages\/30009","targetHints":{"allow":["GET"]}}],"collection":[{"href":"https:\/\/www.schnauzerclub.sk\/en\/wp-json\/wp\/v2\/pages"}],"about":[{"href":"https:\/\/www.schnauzerclub.sk\/en\/wp-json\/wp\/v2\/types\/page"}],"author":[{"embeddable":true,"href":"https:\/\/www.schnauzerclub.sk\/en\/wp-json\/wp\/v2\/users\/2"}],"replies":[{"embeddable":true,"href":"https:\/\/www.schnauzerclub.sk\/en\/wp-json\/wp\/v2\/comments?post=30009"}],"version-history":[{"count":0,"href":"https:\/\/www.schnauzerclub.sk\/en\/wp-json\/wp\/v2\/pages\/30009\/revisions"}],"up":[{"embeddable":true,"href":"https:\/\/www.schnauzerclub.sk\/en\/wp-json\/wp\/v2\/pages\/2990"}],"wp:attachment":[{"href":"https:\/\/www.schnauzerclub.sk\/en\/wp-json\/wp\/v2\/media?parent=30009"}],"curies":[{"name":"wp","href":"https:\/\/api.w.org\/{rel}","templated":true}]}}