{"id":3338,"date":"2025-01-17T13:36:02","date_gmt":"2025-01-17T11:36:02","guid":{"rendered":"http:\/\/www.schnauzerclub.sk\/?page_id=3338&#038;lang=en"},"modified":"2025-01-17T13:36:43","modified_gmt":"2025-01-17T11:36:43","slug":"home","status":"publish","type":"page","link":"https:\/\/www.schnauzerclub.sk\/en\/","title":{"rendered":"Home"},"content":{"rendered":"\t\t<div data-elementor-type=\"wp-page\" data-elementor-id=\"3338\" class=\"elementor elementor-3338 elementor-214\" data-elementor-post-type=\"page\">\n\t\t\t\t<div class=\"elementor-element elementor-element-2bdbdae e-con-full e-flex e-con e-parent\" data-id=\"2bdbdae\" data-element_type=\"container\" data-e-type=\"container\">\n\t\t<div class=\"elementor-element elementor-element-b4babff e-con-full e-flex e-con e-child\" data-id=\"b4babff\" data-element_type=\"container\" data-e-type=\"container\">\n\t\t\t\t<div class=\"elementor-element elementor-element-7de75e7 elementor-widget elementor-widget-image\" data-id=\"7de75e7\" data-element_type=\"widget\" data-e-type=\"widget\" data-widget_type=\"image.default\">\n\t\t\t\t<div class=\"elementor-widget-container\">\n\t\t\t\t\t\t\t\t\t\t\t\t\t\t\t<img fetchpriority=\"high\" decoding=\"async\" width=\"1687\" height=\"556\" src=\"https:\/\/www.schnauzerclub.sk\/wp-content\/uploads\/2020\/08\/plemena-bradace.jpg\" class=\"attachment-full size-full wp-image-30693\" alt=\"Plemena bradace.jpg\" srcset=\"https:\/\/www.schnauzerclub.sk\/wp-content\/uploads\/2020\/08\/plemena-bradace.jpg 1687w, https:\/\/www.schnauzerclub.sk\/wp-content\/uploads\/2020\/08\/plemena-bradace-300x99.jpg 300w, https:\/\/www.schnauzerclub.sk\/wp-content\/uploads\/2020\/08\/plemena-bradace-1024x337.jpg 1024w, https:\/\/www.schnauzerclub.sk\/wp-content\/uploads\/2020\/08\/plemena-bradace-768x253.jpg 768w, https:\/\/www.schnauzerclub.sk\/wp-content\/uploads\/2020\/08\/plemena-bradace-1536x506.jpg 1536w\" sizes=\"(max-width: 1687px) 100vw, 1687px\" \/>\t\t\t\t\t\t\t\t\t\t\t\t\t\t\t<\/div>\n\t\t\t\t<\/div>\n\t\t\t\t<\/div>\n\t\t\t\t<\/div>\n\t\t<div class=\"elementor-element elementor-element-c319803 e-flex e-con-boxed e-con e-parent\" data-id=\"c319803\" data-element_type=\"container\" data-e-type=\"container\" data-settings=\"{&quot;background_background&quot;:&quot;classic&quot;}\">\n\t\t\t\t\t<div class=\"e-con-inner\">\n\t\t<div class=\"elementor-element elementor-element-8a29b7e e-con-full e-flex e-con e-child\" data-id=\"8a29b7e\" data-element_type=\"container\" data-e-type=\"container\">\n\t\t\t\t<div class=\"elementor-element elementor-element-ebb6cd3 elementor-widget elementor-widget-text-editor\" data-id=\"ebb6cd3\" data-element_type=\"widget\" data-e-type=\"widget\" data-widget_type=\"text-editor.default\">\n\t\t\t\t<div class=\"elementor-widget-container\">\n\t\t\t\t\t\t\t\t\t<h1 style=\"text-align: center;\"><span style=\"color: #414d6c;\">News from Klub chovate\u013eov plemena brad\u00e1\u010d<\/span><\/h1>\n\t\t\t\t\t\t\t\t<\/div>\n\t\t\t\t<\/div>\n\t\t\t\t<div class=\"elementor-element elementor-element-fe01395 elementor-hidden-desktop elementor-hidden-tablet elementor-hidden-mobile elementor-widget elementor-widget-html\" data-id=\"fe01395\" data-element_type=\"widget\" data-e-type=\"widget\" data-widget_type=\"html.default\">\n\t\t\t\t<div class=\"elementor-widget-container\">\n\t\t\t\t\t<style>\r\n  #snow-canvas {\r\n    position: fixed;\r\n    top: 0;\r\n    left: 0;\r\n    width: 100vw;\r\n    height: 100vh;\r\n    pointer-events: none;\r\n    z-index: 9999;\r\n  }\r\n<\/style>\r\n\r\n<canvas id=\"snow-canvas\"><\/canvas>\r\n\r\n<script>\r\n  document.addEventListener(\"DOMContentLoaded\", function () {\r\n    const canvas = document.getElementById(\"snow-canvas\");\r\n    const ctx = canvas.getContext(\"2d\");\r\n\r\n    \/\/ Set canvas to cover the entire page\r\n    function setCanvasSize() {\r\n      canvas.width = window.innerWidth;\r\n      canvas.height = window.innerHeight;\r\n    }\r\n    setCanvasSize();\r\n    window.addEventListener(\"resize\", setCanvasSize);\r\n\r\n    const snowflakes = [];\r\n    const snowflakeShapes = [\"\u2744\", \"\u2736\", \"\u273b\", \"\u273c\", \"\u273a\"]; \/\/ Snowflake symbols\r\n\r\n    function createSnowflakes() {\r\n      const total = 140; \/\/ Adjust the number of snowflakes\r\n      for (let i = 0; i < total; i++) {\r\n        snowflakes.push({\r\n          x: Math.random() * canvas.width,\r\n          y: Math.random() * canvas.height,\r\n          size: Math.random() * 24 + 8, \/\/ Snowflake size\r\n          speed: Math.random() * 1 + 0.5, \/\/ Snowflake speed\r\n          shape: snowflakeShapes[Math.floor(Math.random() * snowflakeShapes.length)],\r\n          opacity: Math.random() * 0.8 + 0.2,\r\n        });\r\n      }\r\n    }\r\n\r\n    function drawSnowflakes() {\r\n      ctx.clearRect(0, 0, canvas.width, canvas.height);\r\n      snowflakes.forEach((flake) => {\r\n        ctx.globalAlpha = flake.opacity;\r\n        ctx.font = `${flake.size}px Arial`;\r\n        ctx.fillStyle = \"white\";\r\n        ctx.fillText(flake.shape, flake.x, flake.y);\r\n      });\r\n      updateSnowflakes();\r\n    }\r\n\r\n    function updateSnowflakes() {\r\n      snowflakes.forEach((flake) => {\r\n        flake.y += flake.speed;\r\n        if (flake.y > canvas.height) {\r\n          flake.y = 0;\r\n          flake.x = Math.random() * canvas.width;\r\n        }\r\n      });\r\n    }\r\n\r\n    function animateSnowflakes() {\r\n      drawSnowflakes();\r\n      requestAnimationFrame(animateSnowflakes);\r\n    }\r\n\r\n    createSnowflakes();\r\n    animateSnowflakes();\r\n  });\r\n<\/script>\r\n\r\n\t\t\t\t<\/div>\n\t\t\t\t<\/div>\n\t\t\t\t<\/div>\n\t\t\t\t\t<\/div>\n\t\t\t\t<\/div>\n\t\t<div class=\"elementor-element elementor-element-5c28bcf e-flex e-con-boxed e-con e-parent\" data-id=\"5c28bcf\" data-element_type=\"container\" data-e-type=\"container\" data-settings=\"{&quot;background_background&quot;:&quot;classic&quot;}\">\n\t\t\t\t\t<div class=\"e-con-inner\">\n\t\t<main class=\"elementor-element elementor-element-100e52e e-con-full e-flex e-con e-child\" data-id=\"100e52e\" data-element_type=\"container\" data-e-type=\"container\">\n\t\t<section class=\"elementor-element elementor-element-97e26a1 e-con-full e-flex e-con e-child\" data-id=\"97e26a1\" data-element_type=\"container\" data-e-type=\"container\">\n\t\t<div class=\"elementor-element elementor-element-f44d6e2 e-con-full e-flex e-con e-child\" data-id=\"f44d6e2\" data-element_type=\"container\" data-e-type=\"container\">\n\t\t\t\t<div class=\"elementor-element elementor-element-550aab9 elementor-widget elementor-widget-image\" data-id=\"550aab9\" data-element_type=\"widget\" data-e-type=\"widget\" data-widget_type=\"image.default\">\n\t\t\t\t<div class=\"elementor-widget-container\">\n\t\t\t\t\t\t\t\t\t\t\t\t\t\t\t\t<a href=\"http:\/\/www.fci.be\/en\/\">\n\t\t\t\t\t\t\t<img decoding=\"async\" width=\"150\" height=\"150\" src=\"https:\/\/www.schnauzerclub.sk\/wp-content\/uploads\/2020\/08\/fci-150px.png\" class=\"attachment-full size-full wp-image-30696\" alt=\"Fci 150px.png\" \/>\t\t\t\t\t\t\t\t<\/a>\n\t\t\t\t\t\t\t\t\t\t\t\t\t\t\t<\/div>\n\t\t\t\t<\/div>\n\t\t\t\t<\/div>\n\t\t<div class=\"elementor-element elementor-element-2d96a11 e-con-full e-flex e-con e-child\" data-id=\"2d96a11\" data-element_type=\"container\" data-e-type=\"container\">\n\t\t\t\t<div class=\"elementor-element elementor-element-a76eda7 elementor-widget elementor-widget-image\" data-id=\"a76eda7\" data-element_type=\"widget\" data-e-type=\"widget\" data-widget_type=\"image.default\">\n\t\t\t\t<div class=\"elementor-widget-container\">\n\t\t\t\t\t\t\t\t\t\t\t\t\t\t\t\t<a href=\"http:\/\/www.unkk.sk\">\n\t\t\t\t\t\t\t<img decoding=\"async\" width=\"150\" height=\"150\" src=\"https:\/\/www.schnauzerclub.sk\/wp-content\/uploads\/2020\/08\/UKK-150x150-1.png\" class=\"attachment-full size-full wp-image-30698\" alt=\"UKK 150x150.png\" \/>\t\t\t\t\t\t\t\t<\/a>\n\t\t\t\t\t\t\t\t\t\t\t\t\t\t\t<\/div>\n\t\t\t\t<\/div>\n\t\t\t\t<\/div>\n\t\t<div class=\"elementor-element elementor-element-a8b6eec e-con-full e-flex e-con e-child\" data-id=\"a8b6eec\" data-element_type=\"container\" data-e-type=\"container\">\n\t\t\t\t<div class=\"elementor-element elementor-element-beec453 elementor-widget elementor-widget-image\" data-id=\"beec453\" data-element_type=\"widget\" data-e-type=\"widget\" data-widget_type=\"image.default\">\n\t\t\t\t<div class=\"elementor-widget-container\">\n\t\t\t\t\t\t\t\t\t\t\t\t\t\t\t\t<a href=\"http:\/\/www.skj.sk\">\n\t\t\t\t\t\t\t<img loading=\"lazy\" decoding=\"async\" width=\"150\" height=\"150\" src=\"https:\/\/www.schnauzerclub.sk\/wp-content\/uploads\/2020\/08\/skj-150px.png\" class=\"attachment-full size-full wp-image-30700\" alt=\"Skj 150px.png\" \/>\t\t\t\t\t\t\t\t<\/a>\n\t\t\t\t\t\t\t\t\t\t\t\t\t\t\t<\/div>\n\t\t\t\t<\/div>\n\t\t\t\t<\/div>\n\t\t<div class=\"elementor-element elementor-element-51d87c7 e-con-full e-flex e-con e-child\" data-id=\"51d87c7\" data-element_type=\"container\" data-e-type=\"container\">\n\t\t\t\t<div class=\"elementor-element elementor-element-2ffd69d elementor-widget elementor-widget-image\" data-id=\"2ffd69d\" data-element_type=\"widget\" data-e-type=\"widget\" data-widget_type=\"image.default\">\n\t\t\t\t<div class=\"elementor-widget-container\">\n\t\t\t\t\t\t\t\t\t\t\t\t\t\t\t\t<a href=\"https:\/\/www.ispu.world\/\">\n\t\t\t\t\t\t\t<img loading=\"lazy\" decoding=\"async\" width=\"191\" height=\"150\" src=\"https:\/\/www.schnauzerclub.sk\/wp-content\/uploads\/2020\/08\/ispu-190x150-1.png\" class=\"attachment-full size-full wp-image-30702\" alt=\"Ispu 190x150.png\" \/>\t\t\t\t\t\t\t\t<\/a>\n\t\t\t\t\t\t\t\t\t\t\t\t\t\t\t<\/div>\n\t\t\t\t<\/div>\n\t\t\t\t<\/div>\n\t\t\t\t<\/section>\n\t\t\t\t<\/main>\n\t\t<div class=\"elementor-element elementor-element-1fb441c elementor-hidden-phone e-con-full e-flex e-con e-child\" data-id=\"1fb441c\" data-element_type=\"container\" data-e-type=\"container\" data-settings=\"{&quot;background_background&quot;:&quot;classic&quot;}\">\n\t\t\t\t<div class=\"elementor-element elementor-element-ec740a4 elementor-widget elementor-widget-template\" data-id=\"ec740a4\" data-element_type=\"widget\" data-e-type=\"widget\" data-widget_type=\"template.default\">\n\t\t\t\t<div class=\"elementor-widget-container\">\n\t\t\t\t\t\t\t<div class=\"elementor-template\">\n\t\t\t\t\t<aside data-elementor-type=\"section\" data-elementor-id=\"35244\" class=\"elementor elementor-35244 elementor-35235\" data-elementor-post-type=\"elementor_library\">\n\t\t\t<div class=\"elementor-element elementor-element-781c17d e-flex e-con-boxed e-con e-parent\" data-id=\"781c17d\" data-element_type=\"container\" data-e-type=\"container\" data-settings=\"{&quot;background_background&quot;:&quot;classic&quot;}\">\n\t\t\t\t\t<div class=\"e-con-inner\">\n\t\t<div class=\"elementor-element elementor-element-75d4736 e-con-full e-flex e-con e-child\" data-id=\"75d4736\" data-element_type=\"container\" data-e-type=\"container\">\n\t\t\t\t<div class=\"elementor-element elementor-element-95e9598 elementor-widget elementor-widget-image\" data-id=\"95e9598\" data-element_type=\"widget\" data-e-type=\"widget\" data-widget_type=\"image.default\">\n\t\t\t\t<div class=\"elementor-widget-container\">\n\t\t\t\t\t\t\t\t\t\t\t\t\t\t\t\t<a href=\"https:\/\/www.skjshows.sk\" target=\"_blank\">\n\t\t\t\t\t\t\t<img loading=\"lazy\" decoding=\"async\" width=\"780\" height=\"1226\" src=\"https:\/\/www.schnauzerclub.sk\/wp-content\/uploads\/2025\/05\/vystavy-2026-katalog-1.avif\" class=\"attachment-large size-large wp-image-41648\" alt=\"Vystavy 2026 katalog\" \/>\t\t\t\t\t\t\t\t<\/a>\n\t\t\t\t\t\t\t\t\t\t\t\t\t\t\t<\/div>\n\t\t\t\t<\/div>\n\t\t\t\t<div class=\"elementor-element elementor-element-bd22871 elementor-widget elementor-widget-image\" data-id=\"bd22871\" data-element_type=\"widget\" data-e-type=\"widget\" data-widget_type=\"image.default\">\n\t\t\t\t<div class=\"elementor-widget-container\">\n\t\t\t\t\t\t\t\t\t\t\t\t\t\t\t\t<a href=\"https:\/\/www.skjonline.sk\" target=\"_blank\">\n\t\t\t\t\t\t\t<img decoding=\"async\" src=\"https:\/\/www.schnauzerclub.sk\/wp-content\/uploads\/2025\/04\/online-plemenna-kniha-900px.webp\" title=\"\" alt=\"\" loading=\"lazy\" \/>\t\t\t\t\t\t\t\t<\/a>\n\t\t\t\t\t\t\t\t\t\t\t\t\t\t\t<\/div>\n\t\t\t\t<\/div>\n\t\t\t\t<\/div>\n\t\t\t\t<div class=\"elementor-element elementor-element-43d198a elementor-widget elementor-widget-image\" data-id=\"43d198a\" data-element_type=\"widget\" data-e-type=\"widget\" data-widget_type=\"image.default\">\n\t\t\t\t<div class=\"elementor-widget-container\">\n\t\t\t\t\t\t\t\t\t\t\t\t\t\t\t\t<a href=\"https:\/\/www.pesprezivot.sk\">\n\t\t\t\t\t\t\t<img loading=\"lazy\" decoding=\"async\" width=\"320\" height=\"88\" src=\"https:\/\/www.schnauzerclub.sk\/wp-content\/uploads\/2020\/08\/banner-PPZ-320x88-1.jpg\" class=\"attachment-full size-full wp-image-41888\" alt=\"Banner PPZ 320x88.jpg\" srcset=\"https:\/\/www.schnauzerclub.sk\/wp-content\/uploads\/2020\/08\/banner-PPZ-320x88-1.jpg 320w, https:\/\/www.schnauzerclub.sk\/wp-content\/uploads\/2020\/08\/banner-PPZ-320x88-1-300x83.jpg 300w\" sizes=\"(max-width: 320px) 100vw, 320px\" \/>\t\t\t\t\t\t\t\t<\/a>\n\t\t\t\t\t\t\t\t\t\t\t\t\t\t\t<\/div>\n\t\t\t\t<\/div>\n\t\t\t\t<div class=\"elementor-element elementor-element-40caa9c elementor-widget elementor-widget-image\" data-id=\"40caa9c\" data-element_type=\"widget\" data-e-type=\"widget\" data-widget_type=\"image.default\">\n\t\t\t\t<div class=\"elementor-widget-container\">\n\t\t\t\t\t\t\t\t\t\t\t\t\t\t\t\t<a href=\"https:\/\/www.slovakiadogcup.sk\" target=\"_blank\">\n\t\t\t\t\t\t\t<img loading=\"lazy\" decoding=\"async\" width=\"250\" height=\"243\" src=\"https:\/\/www.schnauzerclub.sk\/wp-content\/uploads\/2020\/08\/LOGO-slovakia-dog-cup-250x243-1.png\" class=\"attachment-full size-full wp-image-41889\" alt=\"LOGO slovakia dog cup 250x243.png\" \/>\t\t\t\t\t\t\t\t<\/a>\n\t\t\t\t\t\t\t\t\t\t\t\t\t\t\t<\/div>\n\t\t\t\t<\/div>\n\t\t\t\t\t<\/div>\n\t\t\t\t<\/div>\n\t\t\t\t<\/aside>\n\t\t\t\t<\/div>\n\t\t\t\t\t\t<\/div>\n\t\t\t\t<\/div>\n\t\t\t\t<\/div>\n\t\t\t\t\t<\/div>\n\t\t\t\t<\/div>\n\t\t\t\t<\/div>\n\t\t","protected":false},"excerpt":{"rendered":"<p>News from Klub chovate\u013eov plemena brad\u00e1\u010d<\/p>\n","protected":false},"author":2,"featured_media":0,"parent":0,"menu_order":0,"comment_status":"closed","ping_status":"closed","template":"","meta":{"slim_seo":{"title":"KCHPB - KLUB CHOVATE\u013dOV PLEMENA BRAD\u00c1\u010c","description":"News from Klub chovate\u013eov plemena brad\u00e1\u010d"},"footnotes":""},"class_list":["post-3338","page","type-page","status-publish","hentry"],"_links":{"self":[{"href":"https:\/\/www.schnauzerclub.sk\/en\/wp-json\/wp\/v2\/pages\/3338","targetHints":{"allow":["GET"]}}],"collection":[{"href":"https:\/\/www.schnauzerclub.sk\/en\/wp-json\/wp\/v2\/pages"}],"about":[{"href":"https:\/\/www.schnauzerclub.sk\/en\/wp-json\/wp\/v2\/types\/page"}],"author":[{"embeddable":true,"href":"https:\/\/www.schnauzerclub.sk\/en\/wp-json\/wp\/v2\/users\/2"}],"replies":[{"embeddable":true,"href":"https:\/\/www.schnauzerclub.sk\/en\/wp-json\/wp\/v2\/comments?post=3338"}],"version-history":[{"count":0,"href":"https:\/\/www.schnauzerclub.sk\/en\/wp-json\/wp\/v2\/pages\/3338\/revisions"}],"wp:attachment":[{"href":"https:\/\/www.schnauzerclub.sk\/en\/wp-json\/wp\/v2\/media?parent=3338"}],"curies":[{"name":"wp","href":"https:\/\/api.w.org\/{rel}","templated":true}]}}