{"id":34541,"date":"2020-12-31T08:50:13","date_gmt":"2020-12-31T06:50:13","guid":{"rendered":"http:\/\/www.schnauzerclub.sk\/stud-book\/2020-riesenschnauzer\/"},"modified":"2021-03-14T09:07:40","modified_gmt":"2021-03-14T07:07:40","slug":"2020-riesenschnauzer","status":"publish","type":"page","link":"https:\/\/www.schnauzerclub.sk\/en\/stud-book\/2020-riesenschnauzer\/","title":{"rendered":"2020 Riesenschnauzer"},"content":{"rendered":"\t\t<div data-elementor-type=\"wp-page\" data-elementor-id=\"34541\" class=\"elementor elementor-34541 elementor-34536\" data-elementor-post-type=\"page\">\n\t\t\t\t\t\t<section class=\"elementor-section elementor-top-section elementor-element elementor-element-87f70f2 elementor-section-boxed elementor-section-height-default elementor-section-height-default\" data-id=\"87f70f2\" data-element_type=\"section\" data-e-type=\"section\">\n\t\t\t\t\t\t<div class=\"elementor-container elementor-column-gap-default\">\n\t\t\t\t\t<div class=\"elementor-column elementor-col-100 elementor-top-column elementor-element elementor-element-c2a984f\" data-id=\"c2a984f\" data-element_type=\"column\" data-e-type=\"column\">\n\t\t\t<div class=\"elementor-widget-wrap elementor-element-populated\">\n\t\t\t\t\t\t<div class=\"elementor-element elementor-element-4808343 elementor-widget elementor-widget-text-editor\" data-id=\"4808343\" data-element_type=\"widget\" data-e-type=\"widget\" data-widget_type=\"text-editor.default\">\n\t\t\t\t<div class=\"elementor-widget-container\">\n\t\t\t\t\t\t\t\t\t<p><strong>Kelador<\/strong> \/pepper-salt\/\/<\/p>\n<p>Strakov\u00e1 Zuzana<br \/>\nBrig\u00e1dnick\u00e1 5, 841 10 Bratislava<br \/>\n4.4.2020<br \/>\nIKARUS vom Luther See\/VDH 600012<br \/>\nLORRAINE Kelador\/SPKP 2014<br \/>\n 2180   M  PARSIFAL<br \/>\n 2181   M  PERSEUS<br \/>\n 2182   M  PORTHOS<br \/>\n 2183   F  PARIS<br \/>\n 2184   F  PENELOPE<\/p>\n\t\t\t\t\t\t\t\t<\/div>\n\t\t\t\t<\/div>\n\t\t\t\t\t<\/div>\n\t\t<\/div>\n\t\t\t\t\t<\/div>\n\t\t<\/section>\n\t\t\t\t<\/div>\n\t\t","protected":false},"excerpt":{"rendered":"<p>Kelador \/pepper-salt\/\/ Strakov\u00e1 Zuzana Brig\u00e1dnick\u00e1 5, 841 10 Bratislava 4.4.2020 IKARUS vom Luther See\/VDH 600012 LORRAINE Kelador\/SPKP 2014 2180 M PARSIFAL 2181 M PERSEUS 2182 M PORTHOS 2183 F PARIS 2184 F PENELOPE<\/p>\n","protected":false},"author":2,"featured_media":0,"parent":2990,"menu_order":0,"comment_status":"closed","ping_status":"closed","template":"","meta":{"slim_seo":{"title":"2020 Riesenschnauzer - KCHPB","description":"Kelador \/pepper-salt\/\/ Strakov\u00e1 Zuzana Brig\u00e1dnick\u00e1 5, 841 10 Bratislava 4.4.2020 IKARUS vom Luther See\/VDH 600012 LORRAINE Kelador\/SPKP 2014 2180 M PARSIFAL 218"},"footnotes":""},"class_list":["post-34541","page","type-page","status-publish","hentry"],"_links":{"self":[{"href":"https:\/\/www.schnauzerclub.sk\/en\/wp-json\/wp\/v2\/pages\/34541","targetHints":{"allow":["GET"]}}],"collection":[{"href":"https:\/\/www.schnauzerclub.sk\/en\/wp-json\/wp\/v2\/pages"}],"about":[{"href":"https:\/\/www.schnauzerclub.sk\/en\/wp-json\/wp\/v2\/types\/page"}],"author":[{"embeddable":true,"href":"https:\/\/www.schnauzerclub.sk\/en\/wp-json\/wp\/v2\/users\/2"}],"replies":[{"embeddable":true,"href":"https:\/\/www.schnauzerclub.sk\/en\/wp-json\/wp\/v2\/comments?post=34541"}],"version-history":[{"count":0,"href":"https:\/\/www.schnauzerclub.sk\/en\/wp-json\/wp\/v2\/pages\/34541\/revisions"}],"up":[{"embeddable":true,"href":"https:\/\/www.schnauzerclub.sk\/en\/wp-json\/wp\/v2\/pages\/2990"}],"wp:attachment":[{"href":"https:\/\/www.schnauzerclub.sk\/en\/wp-json\/wp\/v2\/media?parent=34541"}],"curies":[{"name":"wp","href":"https:\/\/api.w.org\/{rel}","templated":true}]}}