{"id":34552,"date":"2020-12-31T08:58:07","date_gmt":"2020-12-31T06:58:07","guid":{"rendered":"http:\/\/www.schnauzerclub.sk\/stud-book\/2020-schnauzer\/"},"modified":"2021-03-14T09:02:30","modified_gmt":"2021-03-14T07:02:30","slug":"2020-schnauzer","status":"publish","type":"page","link":"https:\/\/www.schnauzerclub.sk\/en\/stud-book\/2020-schnauzer\/","title":{"rendered":"2020 Schnauzer"},"content":{"rendered":"\t\t<div data-elementor-type=\"wp-page\" data-elementor-id=\"34552\" class=\"elementor elementor-34552 elementor-34547\" data-elementor-post-type=\"page\">\n\t\t\t\t\t\t<section class=\"elementor-section elementor-top-section elementor-element elementor-element-22cb94d elementor-section-boxed elementor-section-height-default elementor-section-height-default\" data-id=\"22cb94d\" data-element_type=\"section\" data-e-type=\"section\">\n\t\t\t\t\t\t<div class=\"elementor-container elementor-column-gap-default\">\n\t\t\t\t\t<div class=\"elementor-column elementor-col-100 elementor-top-column elementor-element elementor-element-54bb7ee\" data-id=\"54bb7ee\" data-element_type=\"column\" data-e-type=\"column\">\n\t\t\t<div class=\"elementor-widget-wrap elementor-element-populated\">\n\t\t\t\t\t\t<div class=\"elementor-element elementor-element-da43728 elementor-widget elementor-widget-text-editor\" data-id=\"da43728\" data-element_type=\"widget\" data-e-type=\"widget\" data-widget_type=\"text-editor.default\">\n\t\t\t\t<div class=\"elementor-widget-container\">\n\t\t\t\t\t\t\t\t\t<p><strong>z Romoru<\/strong> \/ pepper-salt\/<\/p>\n<p>Drli\u010dkov\u00e1 Krist\u00edna<br \/>\nKoll\u00e1rova 1634\/7, 921 01 Pie\u0161\u0165any<br \/>\n25.03.2020<br \/>\nVAIVORYK\u0160T\u00c9 Deimantas\/LSVK 1040<br \/>\nARLETT Salt and Pepper Monarchy\/SPKP 1510<br \/>\n1552   M  JIM BIM<br \/>\n1553   M  JAMES BOND<br \/>\n1554   M  JASIR<br \/>\n1555   M  JOCKER JASPER<br \/>\n1556   F  JAWA<br \/>\n1557   F  JASMINE<\/p>\n<p><strong>z Pekn\u00e9ho po\u013ea<\/strong> \/ pepper-salt\/<\/p>\n<p>Koll\u00e1rov\u00e1 Zuzana<br \/>\nM. Kopernika 42, 917 01 Trnava<br \/>\n12.04.2020<br \/>\nFRANK A Finta F Morava\/CMKU 8500<br \/>\nBERTA z Pekn\u00e9ho po\u013ea\/SPKP 1478<br \/>\n1559   M  DAX<br \/>\n1560   M  DRAGON<br \/>\n1561   M  DUNCAN<br \/>\n1562   M  DYLAN<br \/>\n1563   F  DOREEN<br \/>\n1564   F  DEBBIE<br \/>\n1565   F  DORIS<\/p>\n\t\t\t\t\t\t\t\t<\/div>\n\t\t\t\t<\/div>\n\t\t\t\t\t<\/div>\n\t\t<\/div>\n\t\t\t\t\t<\/div>\n\t\t<\/section>\n\t\t\t\t<\/div>\n\t\t","protected":false},"excerpt":{"rendered":"<p>z Romoru \/ pepper-salt\/ Drli\u010dkov\u00e1 Krist\u00edna Koll\u00e1rova 1634\/7, 921 01 Pie\u0161\u0165any 25.03.2020 VAIVORYK\u0160T\u00c9 Deimantas\/LSVK 1040 ARLETT Salt and Pepper Monarchy\/SPKP 1510 1552 M JIM BIM 1553 M JAMES BOND 1554 M JASIR 1555 M JOCKER JASPER 1556 F JAWA 1557 F JASMINE z Pekn\u00e9ho po\u013ea \/ pepper-salt\/ Koll\u00e1rov\u00e1 Zuzana M. Kopernika 42, 917 01 Trnava [&hellip;]<\/p>\n","protected":false},"author":2,"featured_media":0,"parent":2990,"menu_order":0,"comment_status":"closed","ping_status":"closed","template":"","meta":{"slim_seo":{"title":"2020 Schnauzer - KCHPB","description":"z Romoru \/ pepper-salt\/ Drli\u010dkov\u00e1 Krist\u00edna Koll\u00e1rova 1634\/7, 921 01 Pie\u0161\u0165any 25.03.2020 VAIVORYK\u0160T\u00c9 Deimantas\/LSVK 1040 ARLETT Salt and Pepper Monarchy\/SPKP 151"},"footnotes":""},"class_list":["post-34552","page","type-page","status-publish","hentry"],"_links":{"self":[{"href":"https:\/\/www.schnauzerclub.sk\/en\/wp-json\/wp\/v2\/pages\/34552","targetHints":{"allow":["GET"]}}],"collection":[{"href":"https:\/\/www.schnauzerclub.sk\/en\/wp-json\/wp\/v2\/pages"}],"about":[{"href":"https:\/\/www.schnauzerclub.sk\/en\/wp-json\/wp\/v2\/types\/page"}],"author":[{"embeddable":true,"href":"https:\/\/www.schnauzerclub.sk\/en\/wp-json\/wp\/v2\/users\/2"}],"replies":[{"embeddable":true,"href":"https:\/\/www.schnauzerclub.sk\/en\/wp-json\/wp\/v2\/comments?post=34552"}],"version-history":[{"count":0,"href":"https:\/\/www.schnauzerclub.sk\/en\/wp-json\/wp\/v2\/pages\/34552\/revisions"}],"up":[{"embeddable":true,"href":"https:\/\/www.schnauzerclub.sk\/en\/wp-json\/wp\/v2\/pages\/2990"}],"wp:attachment":[{"href":"https:\/\/www.schnauzerclub.sk\/en\/wp-json\/wp\/v2\/media?parent=34552"}],"curies":[{"name":"wp","href":"https:\/\/api.w.org\/{rel}","templated":true}]}}