{"id":36443,"date":"2022-05-09T16:38:13","date_gmt":"2022-05-09T14:38:13","guid":{"rendered":"https:\/\/www.schnauzerclub.sk\/stud-book\/2021-schnauzer\/"},"modified":"2022-05-09T16:54:13","modified_gmt":"2022-05-09T14:54:13","slug":"2021-schnauzer","status":"publish","type":"page","link":"https:\/\/www.schnauzerclub.sk\/en\/stud-book\/2021-schnauzer\/","title":{"rendered":"2021 Schnauzer"},"content":{"rendered":"\t\t<div data-elementor-type=\"wp-page\" data-elementor-id=\"36443\" class=\"elementor elementor-36443 elementor-36428\" data-elementor-post-type=\"page\">\n\t\t\t\t\t\t<section class=\"elementor-section elementor-top-section elementor-element elementor-element-6ee10a1 elementor-section-boxed elementor-section-height-default elementor-section-height-default\" data-id=\"6ee10a1\" data-element_type=\"section\" data-e-type=\"section\">\n\t\t\t\t\t\t<div class=\"elementor-container elementor-column-gap-default\">\n\t\t\t\t\t<div class=\"elementor-column elementor-col-100 elementor-top-column elementor-element elementor-element-4581b27\" data-id=\"4581b27\" data-element_type=\"column\" data-e-type=\"column\">\n\t\t\t<div class=\"elementor-widget-wrap elementor-element-populated\">\n\t\t\t\t\t\t<div class=\"elementor-element elementor-element-cc8f5c2 elementor-widget elementor-widget-text-editor\" data-id=\"cc8f5c2\" data-element_type=\"widget\" data-e-type=\"widget\" data-widget_type=\"text-editor.default\">\n\t\t\t\t<div class=\"elementor-widget-container\">\n\t\t\t\t\t\t\t\t\t<p><strong>Z dobrej rodiny \/pepper-salt\/<br \/><\/strong>Ki\u0161\u0161ov\u00e1 L\u00edvia MVDr.<br \/>SNP 709\/9, 99001 Ve\u013eky\u0301 Krt\u00ed\u0161<br \/>26.06.2021<br \/>BEST z Pekn\u00e9ho po\u013ea\/SPKP 1473<br \/>ANNY Hard Rock Dogs\/SPKP 1524<br \/>1590 P ALFY<br \/>1591 P ANDY<br \/>1592 P AXEL<br \/>1593 S ADORA<br \/>1594 S AISCHA<br \/>1595 S ALKA<br \/>1596 S AMIE<br \/>1597 S ANETT<br \/>1598 S ARETA<\/p><p><strong>z Romoru \/pepper-salt\/<br \/><\/strong>Drli\u010dkov\u00e1 Krist\u00edna<br \/>Koll\u00e1rova 1634\/7, 921 01 Pie\u0161\u0165any<br \/>04.07.2021<br \/>MARVIS Imprese\/SPKP 1503<br \/>KASSEY SALTUS ze Zahrabske\/SPKP 1514<br \/>1580 P KASIUS<br \/>1581 P KEVIN<br \/>1582 P KAORI<br \/>1583 P KODY<br \/>1584 P KIMIKO<br \/>1585 P KENZO<br \/>1586 P KASUMI<br \/>1587 S KAMI KETRIN<br \/>1588 S KALISTA<br \/>1589 S KAIRA<\/p><p><strong>Imprese \/pepper-salt\/<br \/><\/strong>Maz\u00e1kov\u00e1 Jana<br \/>Dobroho\u0161\u0165 359, 93031 Vojka nad Dunajom<br \/>12.08.2021<br \/>BEST z Pekn\u00e9ho po\u013ea\/SPKP 1473<br \/>MAFIA Imprese\/SPKP 1509<br \/>1574 P NADIR<br \/>1575 P NASSIM<br \/>1576 P NOREEN<br \/>1577 S NAIRA<br \/>1578 S NESSI<br \/>1579 S NIKA<\/p>\t\t\t\t\t\t\t\t<\/div>\n\t\t\t\t<\/div>\n\t\t\t\t\t<\/div>\n\t\t<\/div>\n\t\t\t\t\t<\/div>\n\t\t<\/section>\n\t\t\t\t<\/div>\n\t\t","protected":false},"excerpt":{"rendered":"<p>Z dobrej rodiny \/pepper-salt\/Ki\u0161\u0161ov\u00e1 L\u00edvia MVDr.SNP 709\/9, 99001 Ve\u013eky\u0301 Krt\u00ed\u016126.06.2021BEST z Pekn\u00e9ho po\u013ea\/SPKP 1473ANNY Hard Rock Dogs\/SPKP 15241590 P ALFY1591 P ANDY1592 P AXEL1593 S ADORA1594 S AISCHA1595 S ALKA1596 S AMIE1597 S ANETT1598 S ARETA z Romoru \/pepper-salt\/Drli\u010dkov\u00e1 Krist\u00ednaKoll\u00e1rova 1634\/7, 921 01 Pie\u0161\u0165any04.07.2021MARVIS Imprese\/SPKP 1503KASSEY SALTUS ze Zahrabske\/SPKP 15141580 P KASIUS1581 P KEVIN1582 P [&hellip;]<\/p>\n","protected":false},"author":2,"featured_media":0,"parent":2990,"menu_order":0,"comment_status":"closed","ping_status":"closed","template":"","meta":{"slim_seo":{"title":"2021 Schnauzer - KCHPB","description":"Z dobrej rodiny \/pepper-salt\/ Ki\u0161\u0161ov\u00e1 L\u00edvia MVDr. SNP 709\/9, 99001 Ve\u013eky\u0301 Krt\u00ed\u0161 26.06.2021 BEST z Pekn\u00e9ho po\u013ea\/SPKP 1473 ANNY Hard Rock Dogs\/SPKP 1524 1590 P AL"},"footnotes":""},"class_list":["post-36443","page","type-page","status-publish","hentry"],"_links":{"self":[{"href":"https:\/\/www.schnauzerclub.sk\/en\/wp-json\/wp\/v2\/pages\/36443","targetHints":{"allow":["GET"]}}],"collection":[{"href":"https:\/\/www.schnauzerclub.sk\/en\/wp-json\/wp\/v2\/pages"}],"about":[{"href":"https:\/\/www.schnauzerclub.sk\/en\/wp-json\/wp\/v2\/types\/page"}],"author":[{"embeddable":true,"href":"https:\/\/www.schnauzerclub.sk\/en\/wp-json\/wp\/v2\/users\/2"}],"replies":[{"embeddable":true,"href":"https:\/\/www.schnauzerclub.sk\/en\/wp-json\/wp\/v2\/comments?post=36443"}],"version-history":[{"count":0,"href":"https:\/\/www.schnauzerclub.sk\/en\/wp-json\/wp\/v2\/pages\/36443\/revisions"}],"up":[{"embeddable":true,"href":"https:\/\/www.schnauzerclub.sk\/en\/wp-json\/wp\/v2\/pages\/2990"}],"wp:attachment":[{"href":"https:\/\/www.schnauzerclub.sk\/en\/wp-json\/wp\/v2\/media?parent=36443"}],"curies":[{"name":"wp","href":"https:\/\/api.w.org\/{rel}","templated":true}]}}