{"id":37589,"date":"2022-12-31T08:30:02","date_gmt":"2022-12-31T06:30:02","guid":{"rendered":"https:\/\/www.schnauzerclub.sk\/stud-book\/2022-schnauzer\/"},"modified":"2023-03-15T08:33:24","modified_gmt":"2023-03-15T06:33:24","slug":"2022-schnauzer","status":"publish","type":"page","link":"https:\/\/www.schnauzerclub.sk\/en\/stud-book\/2022-schnauzer\/","title":{"rendered":"2022 Schnauzer"},"content":{"rendered":"\t\t<div data-elementor-type=\"wp-page\" data-elementor-id=\"37589\" class=\"elementor elementor-37589 elementor-37584\" data-elementor-post-type=\"page\">\n\t\t\t\t<div class=\"elementor-element elementor-element-375f534 e-flex e-con-boxed e-con e-parent\" data-id=\"375f534\" data-element_type=\"container\" data-e-type=\"container\">\n\t\t\t\t\t<div class=\"e-con-inner\">\n\t\t\t\t<div class=\"elementor-element elementor-element-1e9e2b8 elementor-widget elementor-widget-text-editor\" data-id=\"1e9e2b8\" data-element_type=\"widget\" data-e-type=\"widget\" data-widget_type=\"text-editor.default\">\n\t\t\t\t<div class=\"elementor-widget-container\">\n\t\t\t\t\t\t\t\t\t<p><strong>von Trebete<\/strong> \/black\/<br \/>\nPol\u00e1kov\u00e1 Dagmar, Ing<br \/>\nZ\u00e1humensk\u00e1 534\/2, 92210 Trebatice<br \/>\n12.02.2022<br \/>\nZACHARIAS BLACK Grand Calvera\/SPKP 1533<br \/>\nAFRODITA Bagsin dv\u00far\/SPKP 1568<br \/>\n1600 P ARTEM<br \/>\n1601 P ARCHIBALD<br \/>\n1602 P ATHOS<br \/>\n1603 S AURORA<br \/>\n1604 S ABA<br \/>\n1605 S ALEXA CINDERELLA<br \/>\n1606 S ATHENA<br \/>\n1607 S AMBER<\/p>\n<p><strong>z Romoru<\/strong> \/pepper&amp;salt\/<br \/>\nDrli\u010dkov\u00e1 Krist\u00edna<br \/>\nKoll\u00e1rova 1634\/7, 921 01 Pie\u0161\u0165any<br \/>\n18.02.2022<br \/>\nMARVIS Imprese\/SPKP 1503<br \/>\nARLETT Salt and Pepper Monarchy\/SPKP 1510<br \/>\n1608 P MAXIM MARVI<br \/>\n1609 P MADOX<br \/>\n1610 S MELANY<br \/>\n1611 S MAGNA<br \/>\n1612 S MASHA<\/p>\n<p><strong>z Romoru<\/strong> \/pepper&amp;salt\/<br \/>\nDrli\u010dkov\u00e1 Krist\u00edna<br \/>\nKoll\u00e1rova 1634\/7, 921 01 Pie\u0161\u0165any<br \/>\n20.02.2022<br \/>\nMARVIS Imprese\/SPKP 1503<br \/>\nCHINNA z Romoru\/SPKP 1521<br \/>\n1613 P NIKOLAS MARVI<br \/>\n1614 S NUBIA<br \/>\n1615 S NEYRA<br \/>\n1616 S NIVEA<br \/>\n1617 S NIKARA<br \/>\n1618 S NAOMI<br \/>\n1619 S NARNIA<br \/>\n1620 S NUTELLA<br \/>\n1621 S NIKOLETTA<\/p>\n\t\t\t\t\t\t\t\t<\/div>\n\t\t\t\t<\/div>\n\t\t\t\t\t<\/div>\n\t\t\t\t<\/div>\n\t\t\t\t<\/div>\n\t\t","protected":false},"excerpt":{"rendered":"<p>von Trebete \/black\/ Pol\u00e1kov\u00e1 Dagmar, Ing Z\u00e1humensk\u00e1 534\/2, 92210 Trebatice 12.02.2022 ZACHARIAS BLACK Grand Calvera\/SPKP 1533 AFRODITA Bagsin dv\u00far\/SPKP 1568 1600 P ARTEM 1601 P ARCHIBALD 1602 P ATHOS 1603 S AURORA 1604 S ABA 1605 S ALEXA CINDERELLA 1606 S ATHENA 1607 S AMBER z Romoru \/pepper&amp;salt\/ Drli\u010dkov\u00e1 Krist\u00edna Koll\u00e1rova 1634\/7, 921 01 Pie\u0161\u0165any [&hellip;]<\/p>\n","protected":false},"author":2,"featured_media":0,"parent":2990,"menu_order":0,"comment_status":"closed","ping_status":"closed","template":"","meta":{"slim_seo":{"title":"2022 Schnauzer - KCHPB","description":"von Trebete \/black\/ Pol\u00e1kov\u00e1 Dagmar, Ing Z\u00e1humensk\u00e1 534\/2, 92210 Trebatice 12.02.2022 ZACHARIAS BLACK Grand Calvera\/SPKP 1533 AFRODITA Bagsin dv\u00far\/SPKP 1568 160"},"footnotes":""},"class_list":["post-37589","page","type-page","status-publish","hentry"],"_links":{"self":[{"href":"https:\/\/www.schnauzerclub.sk\/en\/wp-json\/wp\/v2\/pages\/37589","targetHints":{"allow":["GET"]}}],"collection":[{"href":"https:\/\/www.schnauzerclub.sk\/en\/wp-json\/wp\/v2\/pages"}],"about":[{"href":"https:\/\/www.schnauzerclub.sk\/en\/wp-json\/wp\/v2\/types\/page"}],"author":[{"embeddable":true,"href":"https:\/\/www.schnauzerclub.sk\/en\/wp-json\/wp\/v2\/users\/2"}],"replies":[{"embeddable":true,"href":"https:\/\/www.schnauzerclub.sk\/en\/wp-json\/wp\/v2\/comments?post=37589"}],"version-history":[{"count":0,"href":"https:\/\/www.schnauzerclub.sk\/en\/wp-json\/wp\/v2\/pages\/37589\/revisions"}],"up":[{"embeddable":true,"href":"https:\/\/www.schnauzerclub.sk\/en\/wp-json\/wp\/v2\/pages\/2990"}],"wp:attachment":[{"href":"https:\/\/www.schnauzerclub.sk\/en\/wp-json\/wp\/v2\/media?parent=37589"}],"curies":[{"name":"wp","href":"https:\/\/api.w.org\/{rel}","templated":true}]}}