{"id":37596,"date":"2022-12-31T08:33:38","date_gmt":"2022-12-31T06:33:38","guid":{"rendered":"https:\/\/www.schnauzerclub.sk\/stud-book\/2022-riesenschnauzer\/"},"modified":"2023-03-15T08:36:25","modified_gmt":"2023-03-15T06:36:25","slug":"2022-riesenschnauzer","status":"publish","type":"page","link":"https:\/\/www.schnauzerclub.sk\/en\/stud-book\/2022-riesenschnauzer\/","title":{"rendered":"2022 Riesenschnauzer"},"content":{"rendered":"\t\t<div data-elementor-type=\"wp-page\" data-elementor-id=\"37596\" class=\"elementor elementor-37596 elementor-37591\" data-elementor-post-type=\"page\">\n\t\t\t\t<div class=\"elementor-element elementor-element-456a159 e-flex e-con-boxed e-con e-parent\" data-id=\"456a159\" data-element_type=\"container\" data-e-type=\"container\">\n\t\t\t\t\t<div class=\"e-con-inner\">\n\t\t\t\t<div class=\"elementor-element elementor-element-ef42c60 elementor-widget elementor-widget-text-editor\" data-id=\"ef42c60\" data-element_type=\"widget\" data-e-type=\"widget\" data-widget_type=\"text-editor.default\">\n\t\t\t\t<div class=\"elementor-widget-container\">\n\t\t\t\t\t\t\t\t\t<p><strong>Havana Ice Day<\/strong> \/black\/<br \/>\nLi\u0161ka Martin<br \/>\nBernol\u00e1kovsk\u00e1 59, 90028 Iv\u00e1nka pri Dunaji<br \/>\n12.02.2022<br \/>\nWOLVERINE von Blackmoore\/VDH 610145<br \/>\nRUDOLFA OK-ER\/SPKP 2054<br \/>\n2219 P BLACKMOORE<br \/>\n2220 P BUBBA GUMP<br \/>\n2221 P BERNHARD<br \/>\n2222 P BLUE FOX<br \/>\n2223 P BROOKER GARY<br \/>\n2224 P B\u0158ETISLAV<br \/>\n2225 S BABY LOVE<\/p>\n<p><strong>Ok-Er<\/strong> \/black\/<br \/>\nOkruhlica Erik<br \/>\nSmetanova 9, 927 00 \u0160a\u013ea<br \/>\n06.03.2022<br \/>\nHURRICAN ze Slune\u010dn\u00e9 verandy\/SPKP 2052<br \/>\nESPECIAL EXTRA Triumetal\/SPKP 2135<br \/>\n2229 P THEO<br \/>\n2230 P TOBIAS<\/p>\n\t\t\t\t\t\t\t\t<\/div>\n\t\t\t\t<\/div>\n\t\t\t\t\t<\/div>\n\t\t\t\t<\/div>\n\t\t\t\t<\/div>\n\t\t","protected":false},"excerpt":{"rendered":"<p>Havana Ice Day \/black\/ Li\u0161ka Martin Bernol\u00e1kovsk\u00e1 59, 90028 Iv\u00e1nka pri Dunaji 12.02.2022 WOLVERINE von Blackmoore\/VDH 610145 RUDOLFA OK-ER\/SPKP 2054 2219 P BLACKMOORE 2220 P BUBBA GUMP 2221 P BERNHARD 2222 P BLUE FOX 2223 P BROOKER GARY 2224 P B\u0158ETISLAV 2225 S BABY LOVE Ok-Er \/black\/ Okruhlica Erik Smetanova 9, 927 00 \u0160a\u013ea 06.03.2022 [&hellip;]<\/p>\n","protected":false},"author":2,"featured_media":0,"parent":2990,"menu_order":0,"comment_status":"closed","ping_status":"closed","template":"","meta":{"slim_seo":{"title":"2022 Riesenschnauzer - KCHPB","description":"Havana Ice Day \/black\/ Li\u0161ka Martin Bernol\u00e1kovsk\u00e1 59, 90028 Iv\u00e1nka pri Dunaji 12.02.2022 WOLVERINE von Blackmoore\/VDH 610145 RUDOLFA OK-ER\/SPKP 2054 2219 P BLAC"},"footnotes":""},"class_list":["post-37596","page","type-page","status-publish","hentry"],"_links":{"self":[{"href":"https:\/\/www.schnauzerclub.sk\/en\/wp-json\/wp\/v2\/pages\/37596","targetHints":{"allow":["GET"]}}],"collection":[{"href":"https:\/\/www.schnauzerclub.sk\/en\/wp-json\/wp\/v2\/pages"}],"about":[{"href":"https:\/\/www.schnauzerclub.sk\/en\/wp-json\/wp\/v2\/types\/page"}],"author":[{"embeddable":true,"href":"https:\/\/www.schnauzerclub.sk\/en\/wp-json\/wp\/v2\/users\/2"}],"replies":[{"embeddable":true,"href":"https:\/\/www.schnauzerclub.sk\/en\/wp-json\/wp\/v2\/comments?post=37596"}],"version-history":[{"count":0,"href":"https:\/\/www.schnauzerclub.sk\/en\/wp-json\/wp\/v2\/pages\/37596\/revisions"}],"up":[{"embeddable":true,"href":"https:\/\/www.schnauzerclub.sk\/en\/wp-json\/wp\/v2\/pages\/2990"}],"wp:attachment":[{"href":"https:\/\/www.schnauzerclub.sk\/en\/wp-json\/wp\/v2\/media?parent=37596"}],"curies":[{"name":"wp","href":"https:\/\/api.w.org\/{rel}","templated":true}]}}