{"id":38821,"date":"2024-05-10T09:29:14","date_gmt":"2024-05-10T07:29:14","guid":{"rendered":"https:\/\/www.schnauzerclub.sk\/stud-book\/schnauzer-2023\/"},"modified":"2024-05-10T09:31:30","modified_gmt":"2024-05-10T07:31:30","slug":"schnauzer-2023","status":"publish","type":"page","link":"https:\/\/www.schnauzerclub.sk\/en\/stud-book\/schnauzer-2023\/","title":{"rendered":"Schnauzer 2023"},"content":{"rendered":"\t\t<div data-elementor-type=\"wp-page\" data-elementor-id=\"38821\" class=\"elementor elementor-38821 elementor-38813\" data-elementor-post-type=\"page\">\n\t\t\t\t<div class=\"elementor-element elementor-element-45c41a3 e-flex e-con-boxed e-con e-parent\" data-id=\"45c41a3\" data-element_type=\"container\" data-e-type=\"container\">\n\t\t\t\t\t<div class=\"e-con-inner\">\n\t\t\t\t<div class=\"elementor-element elementor-element-5a4a344 elementor-widget elementor-widget-text-editor\" data-id=\"5a4a344\" data-element_type=\"widget\" data-e-type=\"widget\" data-widget_type=\"text-editor.default\">\n\t\t\t\t<div class=\"elementor-widget-container\">\n\t\t\t\t\t\t\t\t\t<p>z Batty \/korenie a so\u013e\/<br \/>\nVa\u0161kov\u00e1 Barbora<br \/>\nMajersk\u00e1 581\/32, 925 53 Pata<br \/>\n28.03.2023<br \/>\nUNOX Gloria Leones\/CMKU 9441<br \/>\nJAWA z Romoru\/ SPKP1556<\/p>\n<p>1628 M ADONIS SILVER<br \/>\n1629 M ARTEGO<br \/>\n1630 F AJDA CRYSTAL<br \/>\n1631 F AMONA<br \/>\n1632 F ANETA VIOLET<br \/>\n1633 F ARETHA<br \/>\n1634 F ARIA COCO<br \/>\n1635 F ARISA LISA<br \/>\n1636 F AWA<\/p>\n\t\t\t\t\t\t\t\t<\/div>\n\t\t\t\t<\/div>\n\t\t\t\t\t<\/div>\n\t\t\t\t<\/div>\n\t\t\t\t<\/div>\n\t\t","protected":false},"excerpt":{"rendered":"<p>z Batty \/korenie a so\u013e\/ Va\u0161kov\u00e1 Barbora Majersk\u00e1 581\/32, 925 53 Pata 28.03.2023 UNOX Gloria Leones\/CMKU 9441 JAWA z Romoru\/ SPKP1556 1628 M ADONIS SILVER 1629 M ARTEGO 1630 F AJDA CRYSTAL 1631 F AMONA 1632 F ANETA VIOLET 1633 F ARETHA 1634 F ARIA COCO 1635 F ARISA LISA 1636 F AWA<\/p>\n","protected":false},"author":2,"featured_media":0,"parent":2990,"menu_order":0,"comment_status":"closed","ping_status":"closed","template":"","meta":{"slim_seo":{"title":"Schnauzer 2023 - KCHPB","description":"z Batty \/korenie a so\u013e\/ Va\u0161kov\u00e1 Barbora Majersk\u00e1 581\/32, 925 53 Pata 28.03.2023 UNOX Gloria Leones\/CMKU 9441 JAWA z Romoru\/ SPKP1556 1628 M ADONIS SILVER 1629 M"},"footnotes":""},"class_list":["post-38821","page","type-page","status-publish","hentry"],"_links":{"self":[{"href":"https:\/\/www.schnauzerclub.sk\/en\/wp-json\/wp\/v2\/pages\/38821","targetHints":{"allow":["GET"]}}],"collection":[{"href":"https:\/\/www.schnauzerclub.sk\/en\/wp-json\/wp\/v2\/pages"}],"about":[{"href":"https:\/\/www.schnauzerclub.sk\/en\/wp-json\/wp\/v2\/types\/page"}],"author":[{"embeddable":true,"href":"https:\/\/www.schnauzerclub.sk\/en\/wp-json\/wp\/v2\/users\/2"}],"replies":[{"embeddable":true,"href":"https:\/\/www.schnauzerclub.sk\/en\/wp-json\/wp\/v2\/comments?post=38821"}],"version-history":[{"count":0,"href":"https:\/\/www.schnauzerclub.sk\/en\/wp-json\/wp\/v2\/pages\/38821\/revisions"}],"up":[{"embeddable":true,"href":"https:\/\/www.schnauzerclub.sk\/en\/wp-json\/wp\/v2\/pages\/2990"}],"wp:attachment":[{"href":"https:\/\/www.schnauzerclub.sk\/en\/wp-json\/wp\/v2\/media?parent=38821"}],"curies":[{"name":"wp","href":"https:\/\/api.w.org\/{rel}","templated":true}]}}