{"id":38834,"date":"2024-05-10T09:37:32","date_gmt":"2024-05-10T07:37:32","guid":{"rendered":"https:\/\/www.schnauzerclub.sk\/stud-book\/2023-riesenschnauzer\/"},"modified":"2024-05-10T09:40:58","modified_gmt":"2024-05-10T07:40:58","slug":"2023-riesenschnauzer","status":"publish","type":"page","link":"https:\/\/www.schnauzerclub.sk\/en\/stud-book\/2023-riesenschnauzer\/","title":{"rendered":"2023 Riesenschnauzer"},"content":{"rendered":"\t\t<div data-elementor-type=\"wp-page\" data-elementor-id=\"38834\" class=\"elementor elementor-38834 elementor-38829\" data-elementor-post-type=\"page\">\n\t\t\t\t<div class=\"elementor-element elementor-element-a01fb5b e-flex e-con-boxed e-con e-parent\" data-id=\"a01fb5b\" data-element_type=\"container\" data-e-type=\"container\">\n\t\t\t\t\t<div class=\"e-con-inner\">\n\t\t\t\t<div class=\"elementor-element elementor-element-4cb8ea6 elementor-widget elementor-widget-text-editor\" data-id=\"4cb8ea6\" data-element_type=\"widget\" data-e-type=\"widget\" data-widget_type=\"text-editor.default\">\n\t\t\t\t<div class=\"elementor-widget-container\">\n\t\t\t\t\t\t\t\t\t<p>Aspera Visum \/\u010dierny\/<br \/>Hodekov\u00e1 Iveta, Ing, Hor\u0161a 53, 934 01 Levice<br \/>16.12.2022<br \/>Boren Aspera Visum\/SPKP 2094<br \/>ZARAH Radinie\/SPKP 2187<\/p>\n<p>2238 P DAG<br \/>2239 P DARLIN<br \/>2240 P DARONY<br \/>2241 P DENERO<br \/>2242 P DIRRO<br \/>2243 P DRIVE<br \/>2244 S DALENKA<br \/>2245 S DASTINA<br \/>2246 S DEBORAH<br \/>2247 S DENALI<br \/>2248 S DUNALIA<\/p>\n<p>Lanax Nypela \/\u010dierny\/<br \/>Nykodymov\u00e1 Petra, \u010capajevova 172\/2, 040 11 Ko\u0161ice<br \/>5.7.2023<br \/>OREO z Tartaku\/PKR 145973<br \/>TRANQUIL LIFE Gently Born\/SKPK 2202<\/p>\n<p>2250 P BALBINDERJIT<br \/>2251 P BANJEET<br \/>2252 P BEORHTSIGE<br \/>2253 P BUDOC<br \/>2254 S BERENIKE<br \/>2255 S BERNISS<br \/>2256 S BERNITA<br \/>2257 S BIJAYA<br \/>2258 S BIZZIZA<\/p>\n<p>Wild Rane \/\u010dierny\/<br \/>Adam\u010diakovi Juraj a Andrea, \u017delezni\u010dn\u00e1 955, 034 95 Likavka<br \/>25.9.2023<br \/>UNIVERSAL GUY Stablemaster\u00b4s\/FI 50369<br \/>GEORGIE Triumetal\/ SPKP 2153<\/p>\n<p>2262 P BACARDI<br \/>2263 P BACCARAT<br \/>2264 P BELMONDO<br \/>2265 P BILLYBOY<br \/>2266 P BONO<br \/>2267 P BOSS<br \/>2268 P BRUCE<br \/>2269 P BYE-BYE<br \/>2270 S BARBARA<br \/>2271 S BRIGITTE<\/p>\n<p>Kelador \/korenie a so\u013e\/<br \/>Strakov\u00e1 Zuzana, Brig\u00e1dnick\u00e1 5, 841 10 Bratislava<br \/>27.11.2023<br \/>HARWEY GWINDOR Ve-Fi\/ CMKU 8054<br \/>NEFERTARI Kelador\/ SPKP 2092<\/p>\n<p>2272 P SAMSON<br \/>2273 P SECRET OF RAMSES<br \/>2274 P SIMPLY ARON<br \/>2275 P SIRIUS BLACK<br \/>2276 P SPARTACUS<br \/>2277 S STARLIGHT ROSSI<\/p>\n\t\t\t\t\t\t\t\t<\/div>\n\t\t\t\t<\/div>\n\t\t\t\t\t<\/div>\n\t\t\t\t<\/div>\n\t\t\t\t<\/div>\n\t\t","protected":false},"excerpt":{"rendered":"<p>Aspera Visum \/\u010dierny\/Hodekov\u00e1 Iveta, Ing, Hor\u0161a 53, 934 01 Levice16.12.2022Boren Aspera Visum\/SPKP 2094ZARAH Radinie\/SPKP 2187 2238 P DAG2239 P DARLIN2240 P DARONY2241 P DENERO2242 P DIRRO2243 P DRIVE2244 S DALENKA2245 S DASTINA2246 S DEBORAH2247 S DENALI2248 S DUNALIA Lanax Nypela \/\u010dierny\/Nykodymov\u00e1 Petra, \u010capajevova 172\/2, 040 11 Ko\u0161ice5.7.2023OREO z Tartaku\/PKR 145973TRANQUIL LIFE Gently Born\/SKPK 2202 2250 [&hellip;]<\/p>\n","protected":false},"author":2,"featured_media":0,"parent":2990,"menu_order":0,"comment_status":"closed","ping_status":"closed","template":"","meta":{"slim_seo":{"title":"2023 Riesenschnauzer - KCHPB","description":"Aspera Visum \/\u010dierny\/ Hodekov\u00e1 Iveta, Ing, Hor\u0161a 53, 934 01 Levice 16.12.2022 Boren Aspera Visum\/SPKP 2094 ZARAH Radinie\/SPKP 2187 2238 P DAG 2239 P DARLIN 2240"},"footnotes":""},"class_list":["post-38834","page","type-page","status-publish","hentry"],"_links":{"self":[{"href":"https:\/\/www.schnauzerclub.sk\/en\/wp-json\/wp\/v2\/pages\/38834","targetHints":{"allow":["GET"]}}],"collection":[{"href":"https:\/\/www.schnauzerclub.sk\/en\/wp-json\/wp\/v2\/pages"}],"about":[{"href":"https:\/\/www.schnauzerclub.sk\/en\/wp-json\/wp\/v2\/types\/page"}],"author":[{"embeddable":true,"href":"https:\/\/www.schnauzerclub.sk\/en\/wp-json\/wp\/v2\/users\/2"}],"replies":[{"embeddable":true,"href":"https:\/\/www.schnauzerclub.sk\/en\/wp-json\/wp\/v2\/comments?post=38834"}],"version-history":[{"count":0,"href":"https:\/\/www.schnauzerclub.sk\/en\/wp-json\/wp\/v2\/pages\/38834\/revisions"}],"up":[{"embeddable":true,"href":"https:\/\/www.schnauzerclub.sk\/en\/wp-json\/wp\/v2\/pages\/2990"}],"wp:attachment":[{"href":"https:\/\/www.schnauzerclub.sk\/en\/wp-json\/wp\/v2\/media?parent=38834"}],"curies":[{"name":"wp","href":"https:\/\/api.w.org\/{rel}","templated":true}]}}