{"id":39320,"date":"2024-09-05T12:19:26","date_gmt":"2024-09-05T10:19:26","guid":{"rendered":"https:\/\/www.schnauzerclub.sk\/stud-book\/2023-zwergschnauzer\/"},"modified":"2024-09-05T12:42:53","modified_gmt":"2024-09-05T10:42:53","slug":"2023-zwergschnauzer","status":"publish","type":"page","link":"https:\/\/www.schnauzerclub.sk\/en\/stud-book\/2023-zwergschnauzer\/","title":{"rendered":"2023 Zwergschnauzer"},"content":{"rendered":"\t\t<div data-elementor-type=\"wp-page\" data-elementor-id=\"39320\" class=\"elementor elementor-39320 elementor-39314\" data-elementor-post-type=\"page\">\n\t\t\t\t<div class=\"elementor-element elementor-element-b06d20e e-flex e-con-boxed e-con e-parent\" data-id=\"b06d20e\" data-element_type=\"container\" data-e-type=\"container\">\n\t\t\t\t\t<div class=\"e-con-inner\">\n\t\t\t\t<div class=\"elementor-element elementor-element-83e6394 elementor-widget elementor-widget-text-editor\" data-id=\"83e6394\" data-element_type=\"widget\" data-e-type=\"widget\" data-widget_type=\"text-editor.default\">\n\t\t\t\t<div class=\"elementor-widget-container\">\n\t\t\t\t\t\t\t\t\t<p><b>from the White House \/biely-white\/<br \/><\/b>Stan\u00edk Miroslav<span class=\"Apple-converted-space\">, <\/span>P\u00e1rnica 434<span class=\"Apple-converted-space\">, <\/span>026 01 Doln\u00fd<span class=\"Apple-converted-space\">  <\/span>Kub\u00edn<span class=\"Apple-converted-space\">         <br \/><\/span>12\/13\/2022<br \/>AWESOME MARSHALL from the White House\/SPKP 2585  <span class=\"Apple-converted-space\"> <br \/><\/span>FUTURE QUEEN of the White House\/SPKP 2787  <span class=\"Apple-converted-space\"> <br \/><\/span>3345  <span class=\"Apple-converted-space\">  <\/span>P VALENTIN<br \/>3346  <span class=\"Apple-converted-space\">  <\/span>P VILLY WONKA<br \/>3347  <span class=\"Apple-converted-space\">  <\/span>P VINCENT<br \/>3348  <span class=\"Apple-converted-space\">  <\/span>WITH VELVET CREAM<br \/><span class=\"Apple-converted-space\"> <\/span>3349  <span class=\"Apple-converted-space\">  <\/span>S VERA WANG<br \/><span class=\"Apple-converted-space\"> <\/span>3350  <span class=\"Apple-converted-space\">  <\/span>WITH VIOLETA<\/p>\n<p><b>OK-ER<span class=\"Apple-converted-space\">  <\/span><\/b>\/black-silver <b>&#8211; black&amp;silver\/<br \/><\/b>Okruhlica Erik, Smetanova 9, 927 00 \u0160a\u013ea<span class=\"Apple-converted-space\">                 <br \/><\/span>12.01.2023<br \/>QUICK SILVER DARNEY Kelador\/SPKP 3048 <span class=\"Apple-converted-space\"> <br \/><\/span>INFINITY z Dixie\/SPKP 3027 <span class=\"Apple-converted-space\"> <br \/><\/span>3351 <span class=\"Apple-converted-space\">  <\/span>P UNICO<br \/><span class=\"Apple-converted-space\"> <\/span> 3352 <span class=\"Apple-converted-space\">  <\/span>P UNO<\/p>\n<p><b>Wild Rane<span class=\"Apple-converted-space\">  <\/span><\/b>\/root <b>and salt &#8211; pepper &amp; salt\/<br \/><\/b>Adam\u010diaks Juraj and Andrea, \u017delezni\u010dn\u00e1 955, 034 95<span class=\"Apple-converted-space\">  <\/span>Likavka<span class=\"Apple-converted-space\">             <br \/><\/span>30.01.2023<br \/>XANDER ERNST Astronaut\/CMKU 11637<span class=\"Apple-converted-space\"> <br \/><\/span>ZOEY PRINCESS LEA Wild Rane\/SPKP 2708 <span class=\"Apple-converted-space\"> <br \/><\/span>3357 <span class=\"Apple-converted-space\">  <\/span>WITH YASMINE ELISHKA ZOEY<br \/>3358 <span class=\"Apple-converted-space\">  <\/span>WITH YOUNG ELISABETH ZOEY<\/p>\n<p><b>Kelador<span class=\"Apple-converted-space\">  <\/span><\/b>\/root <b>and salt &#8211; pepper &amp; salt\/<br \/><\/b>Strakov\u00e1 Zuzana, Brig\u00e1dnick\u00e1 5, <span class=\"Apple-converted-space\"> <\/span>841 10 Bratislava<span class=\"Apple-converted-space\">           <br \/><\/span>04.03.2023<br \/>YANKEE ZEPHYR Astronaut\/CMKU 9949 <span class=\"Apple-converted-space\"> <br \/><\/span>ODYSSEA Kelador\/SPKP 2950 <span class=\"Apple-converted-space\"> <br \/><\/span>3360 <span class=\"Apple-converted-space\">  <\/span>P RUSSEL<br \/>3361 <span class=\"Apple-converted-space\">  <\/span>S RHAPSODY<\/p>\n<p><b>Dastynella elegant<span class=\"Apple-converted-space\">  <\/span>\/white-white\/<br \/><\/b>Pint\u00e9r Karol, 044 01 Drienovec 350 <br \/>11.03.2023<br \/>YAFEU Dastynella elegant\/SPKP 2805  <span class=\"Apple-converted-space\"> <br \/><\/span>KHLOE KARDASHIAN of the White House\/SPKP 2984  <span class=\"Apple-converted-space\"> <br \/><\/span>3362  <span class=\"Apple-converted-space\">  <\/span>P XAMZA<br \/>3363  <span class=\"Apple-converted-space\">  <\/span>P XAVON<br \/>3364  <span class=\"Apple-converted-space\">  <\/span>P XENOS<br \/>3365  <span class=\"Apple-converted-space\">  <\/span>S XMA<br \/>3366  <span class=\"Apple-converted-space\">  <\/span>S XYRA<\/p>\n<p><b>VictoriousCerberus<span class=\"Apple-converted-space\">  <\/span><\/b>\/black-black\/ <b><br \/> G\u00e1bri\u0161ov\u00e1 Angela, \u0160tef\u00e1nikova 363\/85, 90028 Ivanka pri Dunaji<\/b><span class=\"Apple-converted-space\">     <br \/><\/span>25.03.2023<br \/>NICOLAS Androis\/CMKU 11900<span class=\"Apple-converted-space\"> <br \/><\/span>LUNA JUST BEAUTY Wild Rane\/SPKP 2957  <span class=\"Apple-converted-space\"> <br \/><\/span>3367  <span class=\"Apple-converted-space\">  <\/span>P CARLIE<br \/>3368  <span class=\"Apple-converted-space\">  <\/span>P CASPER<br \/>3369  <span class=\"Apple-converted-space\">  <\/span>P CASSIUS CLAY<br \/>3370  <span class=\"Apple-converted-space\">  <\/span>P CEZAR<br \/>3371  <span class=\"Apple-converted-space\">  <\/span>WITH CAMMI<br \/>3372  <span class=\"Apple-converted-space\">  <\/span>S CARLA<br \/>3373  <span class=\"Apple-converted-space\">  <\/span>S CASSANDRA<br \/>3374  <span class=\"Apple-converted-space\">  <\/span>WITH COOKIE<\/p>\n<p><b>\u00daradn\u00edkov dvor \/korenie a soli &#8211; pepper &amp; salt\/<br \/><\/b>\u00daradn\u00edk Michal, 97225 Diviaky n\/Nitricou 698<br \/>29.04.2023<br \/>BORN TO BE STAR z \u0160ardanu\/SPKP 3127 <span class=\"Apple-converted-space\"> <br \/><\/span>ROSSA THE KYLIE Wild Rane\/SPKP 3064 <span class=\"Apple-converted-space\"> <br \/><\/span>3377 <span class=\"Apple-converted-space\">  <\/span>P AMADEUS<br \/><b><\/b><\/p>\n<p><b>Wild Rane<span class=\"Apple-converted-space\">  <\/span>\/black\/<br \/><\/b>Adam\u010diak Juraj and Andrea, \u017delezni\u010dn\u00e1 955, 034 95<span class=\"Apple-converted-space\">  <\/span>Likavka<span class=\"Apple-converted-space\">             <br \/><\/span>27.04.2023<br \/>VASKO DA GAMA Dreamkiss\/RKF 619523<br \/>JUST BEAUTY VictoriousStar\/SPKP 2798  <span class=\"Apple-converted-space\"> <br \/><\/span>3378  <span class=\"Apple-converted-space\">  <\/span>P ZAYD VASCO DA GAMMA<br \/>3379  <span class=\"Apple-converted-space\">  <\/span>P ZION VASCO DA GAMMA<br \/>3380  <span class=\"Apple-converted-space\">  <\/span>WITH ZAMANTHA BEAUTY<br \/>3381  <span class=\"Apple-converted-space\">  <\/span>WITH ZETTA JONES BEAUTY<\/p>\n<p><b>Wild Rane<span class=\"Apple-converted-space\">  <\/span><\/b>\/black &amp; <b>silver\/<br \/><\/b>Adam\u010diak Juraj and Andrea, \u017delezni\u010dn\u00e1 955, 034 95<span class=\"Apple-converted-space\">  <\/span>Likavka<span class=\"Apple-converted-space\">             <br \/><\/span>04.05.2023<br \/>TOBBY SILVER Grand Calvera\/CMKU 12474<span class=\"Apple-converted-space\"> <br \/><\/span>ULLA SILVER BohemiaNess\/SPKP 3242  <span class=\"Apple-converted-space\"> <br \/><\/span>3382  <span class=\"Apple-converted-space\">  <\/span>P ANDREAS TOBY SILVER<br \/>3383  <span class=\"Apple-converted-space\">  <\/span>P ANDY TOBY SILVER<br \/>3384  <span class=\"Apple-converted-space\">  <\/span>P ARAK TOBY SILVER<br \/>3385  <span class=\"Apple-converted-space\">  <\/span>P ATREY TOBY SILVER<br \/>3386  <span class=\"Apple-converted-space\">  <\/span>WITH ANDREA ULLA SILVER<\/p>\n<p><b>Pedibus<span class=\"Apple-converted-space\">  <\/span><\/b>\/black &amp; <b>silver\/<br \/><\/b>Mr\u00e1zik Roman MVDr., Vajansk\u00e9ho 1890\/18, 955 01 Topo\u013e\u010dany  <span class=\"Apple-converted-space\">           <br \/><\/span>11.05.2023<br \/>BLOOM FOR FATIMA Monochrome\/CMKU 12761<span class=\"Apple-converted-space\"> <br \/><\/span>KIARA of Devon\/SPKP 3109  <span class=\"Apple-converted-space\"> <br \/><\/span>3387  <span class=\"Apple-converted-space\">  <\/span>P FAMOSO<br \/>3388  <span class=\"Apple-converted-space\">  <\/span>P FLAMENCO<br \/>3389  <span class=\"Apple-converted-space\">  <\/span>P FUEGO<br \/>3390  <span class=\"Apple-converted-space\">  <\/span>P FURIOSO<br \/>3391  <span class=\"Apple-converted-space\">  <\/span>S FELISSA<br \/>3392  <span class=\"Apple-converted-space\">  <\/span>S FRANCESCA<\/p>\n<p><b>from the White House<span class=\"Apple-converted-space\">  <\/span><\/b>\/white <b>&#8211; white\/<br \/><\/b>Stan\u00edk Miroslav, P\u00e1rnica 434, 026 01 Doln\u00fd<span class=\"Apple-converted-space\">  <\/span>Kub\u00edn<span class=\"Apple-converted-space\">         <br \/><\/span>06.05.2023<br \/>ENEY Star\u00b4s of WhiteNight\/SPKP 3028  <span class=\"Apple-converted-space\"> <br \/><\/span>CURA CAO FROM Rivendell Valley\/SPKP 3095  <span class=\"Apple-converted-space\"> <br \/><\/span>3393  <span class=\"Apple-converted-space\">  <\/span>P WHITE KING<br \/>3394  <span class=\"Apple-converted-space\">  <\/span>S WHITE ANGEL<br \/>3395  <span class=\"Apple-converted-space\">  <\/span>WITH WHITE DIAMOND<\/p>\n<p><b>Karalma<span class=\"Apple-converted-space\">  <\/span><\/b>\/white <b>&#8211; white\/<br \/><\/b>Kardhord\u00f3 Martina, V\u00fdskumn\u00edcka 562\/5, 947 01 Hurbanovo  <span class=\"Apple-converted-space\">           <br \/><\/span>10.06.2023<br \/>MASSIMA BARBARIS Altezza\/MET 522\/17<br \/>ALMA from Hobbit House\/SPKP 3037  <span class=\"Apple-converted-space\"> <br \/><\/span>3397  <span class=\"Apple-converted-space\">  <\/span>P AMIR<br \/>3398  <span class=\"Apple-converted-space\">  <\/span>P ARGO<br \/>3399  <span class=\"Apple-converted-space\">  <\/span>P ASLAN<br \/>3400  <span class=\"Apple-converted-space\">  <\/span>P ASSAI<br \/>3401  <span class=\"Apple-converted-space\">  <\/span>P AZAT<br \/>3402  <span class=\"Apple-converted-space\">  <\/span>P AZIR<\/p>\n<p><b>Calemiali<span class=\"Apple-converted-space\">  <\/span><\/b>\/white <b>&#8211; white\/<br \/><\/b>\u010cajkov\u00e1 Lenka Ing., 04461 Zlat\u00e1 Idka 210<br \/>11.06.2023<br \/>CHIVAS REGAL FROM Dolina Rivendell\/SPKP 3096  <span class=\"Apple-converted-space\"> <br \/><\/span>LARISSA OtisBoanergos\/SPKP 3209  <span class=\"Apple-converted-space\"> <br \/><\/span>3403  <span class=\"Apple-converted-space\">  <\/span>MR DAVIDOFF<br \/>3404  <span class=\"Apple-converted-space\">  <\/span>P D\u00c9J\u00c0 VU<br \/>3405  <span class=\"Apple-converted-space\">  <\/span>P DESIGUAL<br \/>3406  <span class=\"Apple-converted-space\">  <\/span>P DIESEL<br \/>3407  <span class=\"Apple-converted-space\">  <\/span>P DIOR<br \/>3408  <span class=\"Apple-converted-space\">  <\/span>WITH BOTTOM LINE<br \/>3409  <span class=\"Apple-converted-space\">  <\/span>WITH DISNEY<\/p>\n<p><strong>from the Hobbit House<br \/><\/strong>Varga Peter<span class=\"Apple-converted-space\">, <\/span>95142 Zbehy 510<br \/>15.08.2023<br \/>QUIDO ShadowWhite de Pepa\/CMKU 12006<span class=\"Apple-converted-space\"> <br \/><\/span>BAILY from the House of the Hobbit\/SPKP 3121  <span class=\"Apple-converted-space\"> <br \/><\/span>2848.<br \/>\n3411   <span class=\"Apple-converted-space\">  <\/span>P HADES<br \/>2849.<br \/>\n3412   <span class=\"Apple-converted-space\">  <\/span>S HAIDY<br \/>2850.<br \/>\n3413   <span class=\"Apple-converted-space\">  <\/span>S HANNY<br \/>2851.<br \/>\n3414   <span class=\"Apple-converted-space\">  <\/span>S HERBY<br \/>2852.<br \/>\n3415   <span class=\"Apple-converted-space\">  <\/span>WITH HOLLY<\/p>\n<p><strong>Dastynella elegant<br \/><\/strong>Pint\u00e9r Karol, 044 01 Drienovec 350  <span class=\"Apple-converted-space\">       <br \/><\/span>24.08.2023<br \/>YAFEU Dastynellaelegant\/SPKP 2805  <span class=\"Apple-converted-space\"> <br \/><\/span>PARRIS JUST YVONNE Wild Rane\/SPKP 3044  <span class=\"Apple-converted-space\"> <br \/><\/span>3416  <span class=\"Apple-converted-space\">  <\/span>P YAFIR<br \/>3417  <span class=\"Apple-converted-space\">  <\/span>P YASEEM<br \/>3418  <span class=\"Apple-converted-space\">  <\/span>P YATI<br \/>3419  <span class=\"Apple-converted-space\">  <\/span>S YAMANI<br \/>3420 S YASMINE<\/p>\n<p><b>Stella dal Mulino white &#8211; white<br \/><\/b>\u0160kripcov\u00e1 Nata\u0161a Mgr., Evy Kostol\u00e1nyiovej 14, 917 08 Trnava<span class=\"Apple-converted-space\">               <br \/><\/span>17.08.2023<br \/>AMORE MIO from Shardan\/JR 75076<span class=\"Apple-converted-space\"> <br \/><\/span>OZZY from the White House\/SPKP 3100  <span class=\"Apple-converted-space\"> <br \/><\/span>3421  <span class=\"Apple-converted-space\">  <\/span>P GUSS<br \/>3422  <span class=\"Apple-converted-space\">  <\/span>P GUCCI<br \/>3423  <span class=\"Apple-converted-space\">  <\/span>P GIZMO<br \/>3424  <span class=\"Apple-converted-space\">  <\/span>P GUMP<br \/>3425 P GIPSY<br \/>3426  <span class=\"Apple-converted-space\">  <\/span>S GIGI<\/p>\n<p><b>from The Hobbit House<span class=\"Apple-converted-space\">  <\/span><\/b>\/white <b>&#8211; white\/<br \/><\/b>Varga Peter, 95142 Zbehy 510<span class=\"Apple-converted-space\">             <br \/><\/span>11.10.2023<br \/>QUIDO ShadowWhite de Pepa\/CMKU 12006<span class=\"Apple-converted-space\"> <br \/><\/span>AISHA of the Hobbit House\/SPKP 3035  <span class=\"Apple-converted-space\"> <br \/><\/span>3428  <span class=\"Apple-converted-space\">  <\/span>S INEZ<br \/>3429  <span class=\"Apple-converted-space\">  <\/span>S IRIS<br \/>3430  <span class=\"Apple-converted-space\">  <\/span>S IZABEL<br \/>3431  <span class=\"Apple-converted-space\">  <\/span>S IZZY<\/p>\n<p><b>from the White House \/white\/<br \/><\/b>Stan\u00edk Miroslav, P\u00e1rnica 434, 026 01 Doln\u00fd<span class=\"Apple-converted-space\">  <\/span>Kub\u00edn<span class=\"Apple-converted-space\">         <br \/><\/span>12.10.2023<br \/>ENEY Star\u00b4s of WhiteNight\/SPKP 3028  <span class=\"Apple-converted-space\"> <br \/><\/span>LADY GAGA from the White House\/SPKP 3011  <span class=\"Apple-converted-space\"> <br \/><\/span>3432  <span class=\"Apple-converted-space\">  <\/span>P XAVIER<br \/>3433  <span class=\"Apple-converted-space\">  <\/span>S XENA<br \/>3434  <span class=\"Apple-converted-space\">  <\/span>S XENIA<br \/>3435  <span class=\"Apple-converted-space\">  <\/span>S X-MAX LIGHT<br \/>3436  <span class=\"Apple-converted-space\">  <\/span>S X-MAX STAR<\/p>\n<p><b>Henriet\u00b4s garden<span class=\"Apple-converted-space\">  <\/span><\/b>\/black &amp; <b>silver\/<br \/><\/b>Vojt\u00e1\u0161ov\u00e1 Henrieta, Podhrabina 272, 082 15 Chmelov <span class=\"Apple-converted-space\">             <br \/><\/span>28.10.2023<br \/>BAGGY Altan-Corgo\/SPKP 2812 <span class=\"Apple-converted-space\"> <br \/><\/span>XANTHE Dastynella elegant\/SPKP 2802 <span class=\"Apple-converted-space\"> <br \/><\/span>3437 <span class=\"Apple-converted-space\">  <\/span>P SAIMON<br \/>3438 <span class=\"Apple-converted-space\">  <\/span>S SIBYLA<\/p>\n<p><b>Imprese<span class=\"Apple-converted-space\">  <\/span><\/b>\/root <b>and salt &#8211; pepper &amp; salt\/<br \/><\/b>Maz\u00e1kov\u00e1 Jana, Dobroho\u0161t&#8217; 359, 93031 Vojka nad Dunajom<span class=\"Apple-converted-space\">     <br \/><\/span>05.12.2023<br \/>JIN JANG Vigdergauz\/SPKP 2811 <span class=\"Apple-converted-space\"> <br \/><\/span>WORLD PEACE Astronaut\/SPKP 2964 <span class=\"Apple-converted-space\"> <br \/><\/span>3439 <span class=\"Apple-converted-space\">  <\/span>P PEDRO<br \/>3440 <span class=\"Apple-converted-space\">  <\/span>S POLLY<\/p>\n\t\t\t\t\t\t\t\t<\/div>\n\t\t\t\t<\/div>\n\t\t\t\t\t<\/div>\n\t\t\t\t<\/div>\n\t\t\t\t<\/div>\n\t\t","protected":false},"excerpt":{"rendered":"<p>from the White House \/biely-white\/Stan\u00edk Miroslav, P\u00e1rnica 434, 026 01 Doln\u00fd Kub\u00edn 12\/13\/2022AWESOME MARSHALL from the White House\/SPKP 2585 FUTURE QUEEN of the White House\/SPKP 2787 3345 P VALENTIN3346 P VILLY WONKA3347 P VINCENT3348 WITH VELVET CREAM 3349 S VERA WANG 3350 WITH VIOLETA OK-ER \/black-silver &#8211; black&amp;silver\/Okruhlica Erik, Smetanova 9, 927 00 \u0160a\u013ea 12.01.2023QUICK [&hellip;]<\/p>\n","protected":false},"author":2,"featured_media":0,"parent":2990,"menu_order":0,"comment_status":"closed","ping_status":"closed","template":"","meta":{"slim_seo":{"title":"2023 Zwergschnauzer - KCHPB","description":"from the White House \/biely-white\/ Stan\u00edk Miroslav, P\u00e1rnica 434, 026 01 Doln\u00fd Kub\u00edn 12\/13\/2022 AWESOME MARSHALL from the White House\/SPKP 2585 FUTURE QUEEN of t"},"footnotes":""},"class_list":["post-39320","page","type-page","status-publish","hentry"],"_links":{"self":[{"href":"https:\/\/www.schnauzerclub.sk\/en\/wp-json\/wp\/v2\/pages\/39320","targetHints":{"allow":["GET"]}}],"collection":[{"href":"https:\/\/www.schnauzerclub.sk\/en\/wp-json\/wp\/v2\/pages"}],"about":[{"href":"https:\/\/www.schnauzerclub.sk\/en\/wp-json\/wp\/v2\/types\/page"}],"author":[{"embeddable":true,"href":"https:\/\/www.schnauzerclub.sk\/en\/wp-json\/wp\/v2\/users\/2"}],"replies":[{"embeddable":true,"href":"https:\/\/www.schnauzerclub.sk\/en\/wp-json\/wp\/v2\/comments?post=39320"}],"version-history":[{"count":0,"href":"https:\/\/www.schnauzerclub.sk\/en\/wp-json\/wp\/v2\/pages\/39320\/revisions"}],"up":[{"embeddable":true,"href":"https:\/\/www.schnauzerclub.sk\/en\/wp-json\/wp\/v2\/pages\/2990"}],"wp:attachment":[{"href":"https:\/\/www.schnauzerclub.sk\/en\/wp-json\/wp\/v2\/media?parent=39320"}],"curies":[{"name":"wp","href":"https:\/\/api.w.org\/{rel}","templated":true}]}}