{"id":40819,"date":"2024-12-31T18:24:00","date_gmt":"2024-12-31T16:24:00","guid":{"rendered":"https:\/\/www.schnauzerclub.sk\/stud-book\/2024-zwergschnauzer\/"},"modified":"2025-04-01T19:10:37","modified_gmt":"2025-04-01T17:10:37","slug":"2024-zwergschnauzer","status":"publish","type":"page","link":"https:\/\/www.schnauzerclub.sk\/en\/stud-book\/2024-zwergschnauzer\/","title":{"rendered":"2024 Zwergschnauzer"},"content":{"rendered":"\t\t<div data-elementor-type=\"wp-page\" data-elementor-id=\"40819\" class=\"elementor elementor-40819 elementor-40806\" data-elementor-post-type=\"page\">\n\t\t\t\t<div class=\"elementor-element elementor-element-bf3b40e e-flex e-con-boxed e-con e-parent\" data-id=\"bf3b40e\" data-element_type=\"container\" data-e-type=\"container\">\n\t\t\t\t\t<div class=\"e-con-inner\">\n\t\t\t\t<div class=\"elementor-element elementor-element-1acb6d1 elementor-widget elementor-widget-text-editor\" data-id=\"1acb6d1\" data-element_type=\"widget\" data-e-type=\"widget\" data-widget_type=\"text-editor.default\">\n\t\t\t\t<div class=\"elementor-widget-container\">\n\t\t\t\t\t\t\t\t\t<p><b>z Bieleho domu \/biely-white\/<br \/><\/b>Stan\u00edk Miroslav<span class=\"Apple-converted-space\">, <\/span>P\u00e1rnica 434<span class=\"Apple-converted-space\">, <\/span>026 01 Doln\u00fd<span class=\"Apple-converted-space\">\u00a0 <\/span>Kub\u00edn<span class=\"Apple-converted-space\">\u00a0 \u00a0 \u00a0 \u00a0 \u00a0<br \/><\/span>07.02.2024<br \/>DRACO WHITE STAR OF Rainbowland\/PKR 117716<br \/>FUTURE QUEEN z Bieleho domu\/SPKP 2787 <span class=\"Apple-converted-space\">\u00a0<br \/><\/span>3443 <span class=\"Apple-converted-space\">\u00a0 <\/span>P ZACK<br \/>3444 <span class=\"Apple-converted-space\">\u00a0 <\/span>P ZAMBOJ<br \/>3445 <span class=\"Apple-converted-space\">\u00a0 <\/span>P ZAR<br \/>3446 <span class=\"Apple-converted-space\">\u00a0 <\/span>P ZEUS<br \/>3447 <span class=\"Apple-converted-space\">\u00a0 <\/span>P ZIPPY<br \/>3448 <span class=\"Apple-converted-space\">\u00a0 <\/span>P ZORRO<br \/>3449 <span class=\"Apple-converted-space\">\u00a0 <\/span>S ZARA<br \/>3450 <span class=\"Apple-converted-space\">\u00a0 <\/span>S ZIGGY<br \/>3451 <span class=\"Apple-converted-space\">\u00a0 <\/span>S ZOWIE<\/p><p><b>Corajosa \/\u010dierny-black\/<br \/><\/b>Holovani\u0161inov\u00e1 Nicole, \u010ca\u010dovsk\u00e1 cesta 5338\/87<span class=\"Apple-converted-space\">, <\/span>90501 Senica <span class=\"Apple-converted-space\">\u00a0 \u00a0 \u00a0 \u00a0 \u00a0 \u00a0 \u00a0 \u00a0<br \/><\/span>12.03.2024<br \/>NOEL NICHOLAS HajanPolonia\/PKR 143008<br \/>QUELLY FROM Dolina Rivendell\/SPKP 3041 <span class=\"Apple-converted-space\">\u00a0<br \/><\/span>3452 <span class=\"Apple-converted-space\">\u00a0 <\/span>P BONE<br \/>3453 <span class=\"Apple-converted-space\">\u00a0 <\/span>S BEYLA<br \/>3454 <span class=\"Apple-converted-space\">\u00a0 <\/span>S BEANY<br \/>3455 <span class=\"Apple-converted-space\">\u00a0 <\/span>S BELLA ROSE<br \/>3456 <span class=\"Apple-converted-space\">\u00a0 <\/span>S BLACKY<br \/>3457 <span class=\"Apple-converted-space\">\u00a0 <\/span>S BRISIS<br \/>3458 <span class=\"Apple-converted-space\">\u00a0 <\/span>S BELLYS PEARL<\/p><p><b>Wild Rane \/\u010dierny-black\/<br \/><\/b>Adam\u010diakovi Juraj a Andrea<span class=\"Apple-converted-space\">, <\/span>\u017delezni\u010dn\u00e1 955, 034 95<span class=\"Apple-converted-space\">\u00a0 <\/span>Likavka<span class=\"Apple-converted-space\">\u00a0 \u00a0 \u00a0 \u00a0 \u00a0 \u00a0 \u00a0<br \/><\/span>12.04.2024<br \/>VASKO DA GAMA Dreamkiss\/RKF 619523<br \/>JUST BEAUTY VictoriousStar\/SPKP 2798 <span class=\"Apple-converted-space\">\u00a0<br \/><\/span>3459 <span class=\"Apple-converted-space\">\u00a0 <\/span>P CHARLES EDWARD<br \/>3460 <span class=\"Apple-converted-space\">\u00a0 <\/span>P CHESTER CHARLES<br \/>3461 <span class=\"Apple-converted-space\">\u00a0 <\/span>S CHARLOTTA RILEY<br \/>3462 <span class=\"Apple-converted-space\">\u00a0 <\/span>S CHRISTINE PENELOPE<br \/>3463 <span class=\"Apple-converted-space\">\u00a0 <\/span>S CLOE BAILEY<\/p><p><b>Ragendorf \/\u010diernostrieborn\u00fd &#8211; black &amp; silver\/<br \/><\/b>KeszelyMarco, P. J. \u0160af\u00e1rika 377\/11, 92701 \u0160a\u013ea <span class=\"Apple-converted-space\">\u00a0 \u00a0 \u00a0 \u00a0 \u00a0 \u00a0 \u00a0 \u00a0 \u00a0<br \/><\/span>24.05.2024<br \/>POWERFUL PHEATON z Dixie\/JR 77594<span class=\"Apple-converted-space\">\u00a0<br \/><\/span>BELLISSIMA Ragendorf\/SPKP 3130 <span class=\"Apple-converted-space\">\u00a0<br \/><\/span>3471 <span class=\"Apple-converted-space\">\u00a0 <\/span>P DAULTON<br \/>3472 <span class=\"Apple-converted-space\">\u00a0 <\/span>S DUNA<br \/>3473 <span class=\"Apple-converted-space\">\u00a0 <\/span>S\u00a0DUBARRY<\/p><p><b>Jergy \/\u010diernostrieborn\u00fd \u2013 black &amp; silver\/<br \/><\/b><b><\/b>Polomsk\u00e1 Anna, Koll\u00e1rova 325\/34, 05201 Spi\u0161sk\u00e1 Nov\u00e1 Ves <span class=\"Apple-converted-space\">\u00a0 \u00a0 \u00a0<br \/><\/span>15.04.2024<br \/>EVENING STAR z \u0160ardanu\/SPKP 3467 <span class=\"Apple-converted-space\">\u00a0<br \/><\/span>AISHA Liptovmax\/SPKP 3179 <span class=\"Apple-converted-space\">\u00a0<br \/><\/span>3474 <span class=\"Apple-converted-space\">\u00a0 <\/span>P AKIM<br \/>3475 <span class=\"Apple-converted-space\">\u00a0 <\/span>P ARNY<br \/>3476 <span class=\"Apple-converted-space\">\u00a0 <\/span>S AURA<\/p><p><b>Premium \/\u010dierny \u2013 black\/<br \/><\/b>Slosiarik Jaroslav MVDr., Okru\u017en\u00e1 34, 071 01 Michalovce<span class=\"Apple-converted-space\">\u00a0 \u00a0 \u00a0 \u00a0 \u00a0 \u00a0<br \/><\/span>29.03.2024<br \/>LEO YANK Wild Rane\/SPKP 2952 <span class=\"Apple-converted-space\">\u00a0<br \/><\/span>ENYA MARY Horas-Chan\/SPKP 3090 <span class=\"Apple-converted-space\">\u00a0<br \/><\/span>3477 <span class=\"Apple-converted-space\">\u00a0 <\/span>P BART OLIVIER<br \/>3478 <span class=\"Apple-converted-space\">\u00a0 <\/span>P BRUNO JERRY<br \/>3479 <span class=\"Apple-converted-space\">\u00a0 <\/span>P BRUTUS JERRY<br \/>3480 <span class=\"Apple-converted-space\">\u00a0 <\/span>S BIJOU MARY<br \/>3481 <span class=\"Apple-converted-space\">\u00a0 <\/span>S BRISA LILY<\/p><p><b>Dastynella elegant \/\u010dierny+biely \u2013 black+white\/<br \/><\/b>Pint\u00e9r Karol, 044 01 Drienovec 350 <span class=\"Apple-converted-space\">\u00a0 \u00a0 \u00a0 \u00a0<br \/><\/span>11.05.2024<br \/>YAFEU Dastynellaelegant\/SPKP 2805 <span class=\"Apple-converted-space\">\u00a0<br \/><\/span>PARRIS JUST YVONNE Wild Rane\/SPKP 3044 <span class=\"Apple-converted-space\">\u00a0<br \/><\/span>3483 <span class=\"Apple-converted-space\">\u00a0 <\/span>P AMADEUS<span class=\"Apple-converted-space\">\u00a0<br \/><\/span>3484 <span class=\"Apple-converted-space\">\u00a0 <\/span>P ARAGORN<br \/>3485 <span class=\"Apple-converted-space\">\u00a0 <\/span>S ADELAINE<br \/>3486 <span class=\"Apple-converted-space\">\u00a0 <\/span>S ALEXIS<br \/>3487 <span class=\"Apple-converted-space\">\u00a0 <\/span>S AZARIA<\/p><p><b>\u0160\u0165astena \/korenie a\u00a0so\u013e \u2013 pepper&amp;salt\/<br \/><\/b>\u0160\u0165astn\u00fd Martin, Odboj\u00e1rska 639\/89, 01851 Nov\u00e1 Dubnica <span class=\"Apple-converted-space\">\u00a0 \u00a0 \u00a0 \u00a0 \u00a0<br \/><\/span>10.04.2024<br \/>NEW CHAPTER FROM Dolina Rivendell\/PKR 130312<br \/>FANYNKA Danky dog\/SPKP 3183 <span class=\"Apple-converted-space\">\u00a0<br \/><\/span>3488 <span class=\"Apple-converted-space\">\u00a0 <\/span>P ZEUS<br \/>3489 <span class=\"Apple-converted-space\">\u00a0 <\/span>P ZION<br \/>3490 <span class=\"Apple-converted-space\">\u00a0 <\/span>S ZAFIRA BJARTSKULAR<br \/>3491 <span class=\"Apple-converted-space\">\u00a0 <\/span>S ZAIRA<br \/>3492 <span class=\"Apple-converted-space\">\u00a0 <\/span>S ZIVA<br \/>3493 <span class=\"Apple-converted-space\">\u00a0 <\/span>S ZUNA<\/p><p><b>Calemiali \/biely \u2013 white\/<br \/><\/b>\u010cajkov\u00e1 Lenka Ing., 04461 Zlat\u00e1 Idka 210 <span class=\"Apple-converted-space\">\u00a0 \u00a0 \u00a0 \u00a0<br \/><\/span>21.05.2024<br \/>TERRORIST OF BEAUTY- WhiteDiamond of Sun\/PKR 146086<br \/>APRIL Calemiali\/SPKP 3145 <span class=\"Apple-converted-space\">\u00a0<br \/><\/span>3494 <span class=\"Apple-converted-space\">\u00a0 <\/span>P ELLIOT<br \/>3495 <span class=\"Apple-converted-space\">\u00a0 <\/span>P ENEY<br \/>3496 <span class=\"Apple-converted-space\">\u00a0 <\/span>P ENZO<br \/>3497 <span class=\"Apple-converted-space\">\u00a0 <\/span>P EWAN<br \/>3498 <span class=\"Apple-converted-space\">\u00a0 <\/span>S EBRILL<br \/>3499 <span class=\"Apple-converted-space\">\u00a0 <\/span>S EIRA<br \/>3500 <span class=\"Apple-converted-space\">\u00a0 <\/span>S ELLE ADELE<br \/>3501 <span class=\"Apple-converted-space\">\u00a0 <\/span>S ELYSEE<\/p><p><b>Artemislovakia \/biely \u2013 white\/<br \/><\/b>\u010cill\u00edk D\u00e1vid, Mal\u00e9 Teriakovce 24, 980 51 Ve\u013ek\u00e9 Teriakovce<span class=\"Apple-converted-space\">\u00a0 \u00a0 \u00a0<br \/><\/span>17.04.2024<br \/>YAFEU Dastynellaelegant\/SPKP 2805 <span class=\"Apple-converted-space\">\u00a0<br \/><\/span>ADINA ze Zlat\u00e9ho Lankastru\/SPKP 3376 <span class=\"Apple-converted-space\">\u00a0<br \/><\/span>3502 <span class=\"Apple-converted-space\">\u00a0 <\/span>P CASPER<br \/>3503 <span class=\"Apple-converted-space\">\u00a0 <\/span>P COLIN<br \/>3504 <span class=\"Apple-converted-space\">\u00a0 <\/span>P CONNOR<br \/>3505 <span class=\"Apple-converted-space\">\u00a0 <\/span>S CINDY<br \/>3506 <span class=\"Apple-converted-space\">\u00a0 <\/span>S CONNIE<br \/>3507 <span class=\"Apple-converted-space\">\u00a0 <\/span>S CORRA<\/p><p><b>Desert Diamont \/\u010diernostrieborny \u2013 black&amp;silver\/<br \/><\/b>Mihal\u00edkov\u00e1 D\u00e1\u0161a, Prostejovsk\u00e1 10, 08001 Pre\u0161ov <span class=\"Apple-converted-space\">\u00a0 \u00a0 \u00a0 \u00a0 \u00a0 \u00a0 \u00a0 \u00a0<br \/><\/span>31.05.2024<br \/>KNOW IT ALL New Devil\/MET 1527 <span class=\"Apple-converted-space\">\u00a0<br \/><\/span>CARMEN Rosevelt\/SPKP 3092 <span class=\"Apple-converted-space\">\u00a0<br \/><\/span>3509 <span class=\"Apple-converted-space\">\u00a0 <\/span>P ARAK<br \/>3510 <span class=\"Apple-converted-space\">\u00a0 <\/span>P ASH<br \/>3511 <span class=\"Apple-converted-space\">\u00a0 <\/span>S AFRA<br \/>3512 <span class=\"Apple-converted-space\">\u00a0 <\/span>S AMBRA<br \/>3513 <span class=\"Apple-converted-space\">\u00a0 <\/span>S ARIA<br \/>3514 <span class=\"Apple-converted-space\">\u00a0 <\/span>S ARTEMIS<br \/>3515 <span class=\"Apple-converted-space\">\u00a0 <\/span>S ATHENA<br \/>3516 <span class=\"Apple-converted-space\">\u00a0 <\/span>S AURORA<br \/>3517 <span class=\"Apple-converted-space\">\u00a0 <\/span>S AVA<\/p><p><b>Wild Rane \/korenie a\u00a0so\u013e \u2013 pepper&amp;salt\/<br \/><\/b>Adam\u010diakovi Juraj a Andrea, \u017delezni\u010dn\u00e1 955, 034 95<span class=\"Apple-converted-space\">\u00a0 <\/span>Likavka<span class=\"Apple-converted-space\">\u00a0 \u00a0 \u00a0 \u00a0 \u00a0 \u00a0 \u00a0<br \/><\/span>30.07.2024<br \/>LORD OF THE RINGS OF Dolina Rivendell\/PKR 143002<br \/>REBECCA THE KYLIE Wild Rane\/SPKP 3062 <span class=\"Apple-converted-space\">\u00a0<br \/><\/span>3519 <span class=\"Apple-converted-space\">\u00a0 <\/span>P DOBBY OF THE LORD<br \/>3520 <span class=\"Apple-converted-space\">\u00a0 <\/span>P DRACO OF THE LORD<br \/>3521 <span class=\"Apple-converted-space\">\u00a0 <\/span>S DELACOUR REBECA<br \/>3522 <span class=\"Apple-converted-space\">\u00a0 <\/span>S DOLORES REBECA<br \/>3523 <span class=\"Apple-converted-space\">\u00a0 <\/span>S DOREEN REBECA<\/p><p><b>VictoriousCerberus \/\u010dierny \u2013 black\/<br \/><\/b>G\u00e1bri\u0161ov\u00e1 Angela, \u0160tef\u00e1nikova 363\/85, 90028 Ivanka pri Dunaji<span class=\"Apple-converted-space\">\u00a0 \u00a0 \u00a0<br \/><\/span>17.08.2024<br \/>QINDER PANENKA LEGEN de CanRayo\/LOE 263777<br \/>BRISEIS VictoriousCerberus\/SPKP 3254 <span class=\"Apple-converted-space\">\u00a0<br \/><\/span>3524 <span class=\"Apple-converted-space\">\u00a0 <\/span>P DARK STAR<br \/>3525 <span class=\"Apple-converted-space\">\u00a0 <\/span>P DERIEL<br \/>3526 <span class=\"Apple-converted-space\">\u00a0 <\/span>P DRACO<br \/>3527 <span class=\"Apple-converted-space\">\u00a0 <\/span>S DARA<\/p><p><b>z Domu hobita \/biely \u2013 white\/<br \/><\/b>Varga Peter, 95142 Zbehy 510<span class=\"Apple-converted-space\">\u00a0 \u00a0 \u00a0 \u00a0 \u00a0 \u00a0 \u00a0<br \/><\/span>05.09.2024<br \/>QUIDO ShadowWhite de Pepa\/CMKU 12006<span class=\"Apple-converted-space\">\u00a0<br \/><\/span>IZZI z Bieleho domu\/SPKP 2865 <span class=\"Apple-converted-space\">\u00a0<br \/><\/span>3528 <span class=\"Apple-converted-space\">\u00a0 <\/span>P JACK<br \/>3529 <span class=\"Apple-converted-space\">\u00a0 <\/span>S JESSY<\/p><p><b>Bradmir \/\u010dierny \u2013 black\/<br \/><\/b>Varga Miroslav Vini\u010dky 37\/3, 94901 Nitra<span class=\"Apple-converted-space\">\u00a0 \u00a0 \u00a0 \u00a0 \u00a0 \u00a0 \u00a0 \u00a0 \u00a0<br \/><\/span>22.09.2024<br \/>ARCI VictoriousCerberus\/SPKP 3170 <span class=\"Apple-converted-space\">\u00a0<br \/><\/span>NASTASIA BLACK Bikin dvor\/SPKP 2816 <span class=\"Apple-converted-space\">\u00a0<br \/><\/span>3530 \u00a0P CALLAN<br \/>3531 \u00a0P COLIN<br \/>3532 \u00a0S CAMELIA<br \/>3533 \u00a0S CANDYS<br \/>3534\u00a0S CELIA<\/p><p><b>z Domu hobita \/biely \u2013 white\/<br \/><\/b>Varga Peter, 95142 Zbehy 510<span class=\"Apple-converted-space\">\u00a0 \u00a0 \u00a0 \u00a0 \u00a0 \u00a0 \u00a0<br \/><\/span>22.09.2024<br \/>QUIDO ShadowWhite de Pepa\/CMKU 12006<span class=\"Apple-converted-space\">\u00a0<br \/><\/span>BAILY z Domu hobita\/SPKP 3121 <span class=\"Apple-converted-space\">\u00a0<br \/><\/span>3535 <span class=\"Apple-converted-space\">\u00a0 <\/span>P LEON<br \/>3536 <span class=\"Apple-converted-space\">\u00a0 <\/span>P LEVIS<br \/>3537 <span class=\"Apple-converted-space\">\u00a0 <\/span>S LEILA<br \/>3538 <span class=\"Apple-converted-space\">\u00a0 <\/span>S LETTY<br \/>3539 <span class=\"Apple-converted-space\">\u00a0 <\/span>S LIZZY<br \/>3540 \u00a0 S LUNA<\/p><p><b>z Domu hobita \/biely \u2013 white\/<br \/><\/b>Varga Peter, 95142 Zbehy 510<span class=\"Apple-converted-space\">\u00a0 \u00a0 \u00a0 \u00a0 \u00a0 \u00a0 \u00a0<br \/><\/span>21.09.2024<br \/>QUIDO ShadowWhite de Pepa\/CMKU 12006<span class=\"Apple-converted-space\">\u00a0<br \/><\/span>AISHA z Domu hobita\/SPKP 3035 <span class=\"Apple-converted-space\">\u00a0<br \/><\/span>3541 <span class=\"Apple-converted-space\">\u00a0 <\/span>P KEVIN<br \/>3542\u00a0S KESSY<br \/>3543\u00a0S KIARA<\/p><p><b>Henriet\u00b4s garden \/\u010diernostrieborn\u00fd \u2013 black&amp;silver\/<br \/><\/b>Vojt\u00e1\u0161ov\u00e1 Henrieta, Podhrabina 272, 082 15 Chme\u013eov <span class=\"Apple-converted-space\">\u00a0 \u00a0 \u00a0 \u00a0 \u00a0 \u00a0 \u00a0<br \/><\/span>25.09.2024<br \/>BAGGY Altan-Corgo\/SPKP 2812 <span class=\"Apple-converted-space\">\u00a0<br \/><\/span>VIVIENNE SILVER Grand Calvera\/SPKP 3231 <span class=\"Apple-converted-space\">\u00a0<br \/><\/span>3544\u00a0 P TAURUS<br \/>3545\u00a0 P TOBI<br \/>3546\u00a0 S TARRA<br \/>3547\u00a0 S TOSCANA<br \/>3548\u00a0 S TWIGI<\/p><p><b>Wild Rane \/\u010dierny \u2013 black\/<br \/><\/b>Adam\u010diakovi Juraj a Andrea, \u017delezni\u010dn\u00e1 955, 034 95<span class=\"Apple-converted-space\">\u00a0 <\/span>Likavka<span class=\"Apple-converted-space\">\u00a0 \u00a0 \u00a0 \u00a0 \u00a0 \u00a0 \u00a0<br \/><\/span>08.08.2024<br \/>MIDNIGHT COWBOY Dog-Otho\u00b4s\/FCA 45943<span class=\"Apple-converted-space\">\u00a0<br \/><\/span>KALEY NICCOL Wild Rane\/SPKP 2938 <span class=\"Apple-converted-space\">\u00a0<br \/><\/span>3549\u00a0 S EDELWEISS KALEY<br \/>3550\u00a0 S EILYN KALEY<br \/>3551\u00a0 S EMILLY KALEY<br \/>3552\u00a0 S ESTER KALEY<\/p><p><b>My angel Tomi \/\u010dierny \u2013 black\/<br \/><\/b>Nechalovi Jana a Michal, Pribinova 21, 053 11 Smi\u017eany <span class=\"Apple-converted-space\">\u00a0 \u00a0 \u00a0 \u00a0 \u00a0 \u00a0 \u00a0<br \/><\/span>29.07.2024<br \/>MIDNIGHT COWBOY Dog-Otho\u00b4s\/FCA 45943<span class=\"Apple-converted-space\">\u00a0<br \/><\/span>MANIC MONDAY My angelTomi\/SPKP 3168 <span class=\"Apple-converted-space\">\u00a0<br \/><\/span>3553 <span class=\"Apple-converted-space\">\u00a0 <\/span>P THE BAD TOUCH<br \/>3554 <span class=\"Apple-converted-space\">\u00a0 <\/span>P THUNDERSTRUCK<br \/>3555 <span class=\"Apple-converted-space\">\u00a0 <\/span>S TELL ME WHY<br \/>3556 <span class=\"Apple-converted-space\">\u00a0 <\/span>S TO BE WITH YOU<br \/>3557 <span class=\"Apple-converted-space\">\u00a0 <\/span>S TRULY MADLY DEEPLY<br \/>3558 <span class=\"Apple-converted-space\">\u00a0 <\/span>S TWIST AND SHOUT<br \/>3559 <span class=\"Apple-converted-space\">\u00a0 <\/span>S TWIST IN MY SOBRIETY<\/p><p><b>CanisPetras \/korenie a\u00a0so\u013e \u2013 pepper&amp;salt\/<br \/><\/b>Petr\u00e1\u0161ov\u00e1 Katar\u00edna, \u013d. \u0160t\u00fara 485\/41, 934 01 Levice<span class=\"Apple-converted-space\">\u00a0 \u00a0 \u00a0 \u00a0 \u00a0 \u00a0 \u00a0 \u00a0<br \/><\/span>06.10.2024<br \/>CODEX Dentis\/PKR 145417<br \/>FIDORKA Danky dog\/SPKP 3184 <span class=\"Apple-converted-space\">\u00a0<br \/><\/span>3560\u00a0P AERO<br \/>3561 <span class=\"Apple-converted-space\">\u00a0 <\/span>P ANISE<br \/>3562 <span class=\"Apple-converted-space\">\u00a0 <\/span>P ALASKA<\/p><p><b>DidiGarden \/\u010diernostrieborn\u00fd \u2013 black&amp;silver\/<br \/><\/b>Didi Denis, Jilemnick\u00e9ho 316\/14<span class=\"Apple-converted-space\">, \u00a0<\/span>01841 Dubnica nad V\u00e1hom<span class=\"Apple-converted-space\">\u00a0 \u00a0 \u00a0<br \/><\/span>11.09.2024<br \/>WARLIKE SPIRIT Wlanimu\u00b4s\/UKU 053316<br \/>BRILLIANCE Calemiali\/SPKP 3298 <span class=\"Apple-converted-space\">\u00a0<br \/><\/span>3563 <span class=\"Apple-converted-space\">\u00a0 <\/span>P AKI TIDO<br \/>3564 <span class=\"Apple-converted-space\">\u00a0 <\/span>P ART<br \/>3565 <span class=\"Apple-converted-space\">\u00a0 <\/span>P ARVID<br \/>3566 <span class=\"Apple-converted-space\">\u00a0 <\/span>P ASTON<br \/>3567 <span class=\"Apple-converted-space\">\u00a0 <\/span>S ANETKA<\/p><p><b>Pawsome Legacy \/korenie a\u00a0so\u013e \u2013 pepper&amp;salt\/<br \/><\/b>Bal\u00e1\u017eikov\u00e1 Henrieta, 95601 Bojn\u00e1 700<span class=\"Apple-converted-space\">\u00a0 \u00a0 \u00a0 \u00a0 \u00a0 \u00a0 \u00a0<br \/><\/span>16.09.2024<br \/>THE TITO CLEAS CANIS .\/JR 77822<span class=\"Apple-converted-space\">\u00a0<br \/><\/span>LA FLEUR New Devil\/SPKP 3186 <span class=\"Apple-converted-space\">\u00a0<br \/><\/span>3568 <span class=\"Apple-converted-space\">\u00a0 <\/span>S ARIA<br \/>3569 <span class=\"Apple-converted-space\">\u00a0 <\/span>S AZRA<br \/>3570 <span class=\"Apple-converted-space\">\u00a0 <\/span>S APPLE<br \/>3571 <span class=\"Apple-converted-space\">\u00a0 <\/span>S ALMA<\/p>\t\t\t\t\t\t\t\t<\/div>\n\t\t\t\t<\/div>\n\t\t\t\t\t<\/div>\n\t\t\t\t<\/div>\n\t\t\t\t<\/div>\n\t\t","protected":false},"excerpt":{"rendered":"<p>z Bieleho domu \/biely-white\/Stan\u00edk Miroslav, P\u00e1rnica 434, 026 01 Doln\u00fd\u00a0 Kub\u00edn\u00a0 \u00a0 \u00a0 \u00a0 \u00a007.02.2024DRACO WHITE STAR OF Rainbowland\/PKR 117716FUTURE QUEEN z Bieleho domu\/SPKP 2787 \u00a03443 \u00a0 P ZACK3444 \u00a0 P ZAMBOJ3445 \u00a0 P ZAR3446 \u00a0 P ZEUS3447 \u00a0 P ZIPPY3448 \u00a0 P ZORRO3449 \u00a0 S ZARA3450 \u00a0 S ZIGGY3451 \u00a0 S ZOWIE Corajosa \/\u010dierny-black\/Holovani\u0161inov\u00e1 [&hellip;]<\/p>\n","protected":false},"author":2,"featured_media":0,"parent":2990,"menu_order":0,"comment_status":"closed","ping_status":"closed","template":"","meta":{"slim_seo":{"title":"2024 Zwergschnauzer - KCHPB","description":"z Bieleho domu \/biely-white\/ Stan\u00edk Miroslav, P\u00e1rnica 434, 026 01 Doln\u00fd\u00a0 Kub\u00edn\u00a0 \u00a0 \u00a0 \u00a0 \u00a0 07.02.2024 DRACO WHITE STAR OF Rainbowland\/PKR 117716 FUTURE QUEEN z Bie"},"footnotes":""},"class_list":["post-40819","page","type-page","status-publish","hentry"],"_links":{"self":[{"href":"https:\/\/www.schnauzerclub.sk\/en\/wp-json\/wp\/v2\/pages\/40819","targetHints":{"allow":["GET"]}}],"collection":[{"href":"https:\/\/www.schnauzerclub.sk\/en\/wp-json\/wp\/v2\/pages"}],"about":[{"href":"https:\/\/www.schnauzerclub.sk\/en\/wp-json\/wp\/v2\/types\/page"}],"author":[{"embeddable":true,"href":"https:\/\/www.schnauzerclub.sk\/en\/wp-json\/wp\/v2\/users\/2"}],"replies":[{"embeddable":true,"href":"https:\/\/www.schnauzerclub.sk\/en\/wp-json\/wp\/v2\/comments?post=40819"}],"version-history":[{"count":0,"href":"https:\/\/www.schnauzerclub.sk\/en\/wp-json\/wp\/v2\/pages\/40819\/revisions"}],"up":[{"embeddable":true,"href":"https:\/\/www.schnauzerclub.sk\/en\/wp-json\/wp\/v2\/pages\/2990"}],"wp:attachment":[{"href":"https:\/\/www.schnauzerclub.sk\/en\/wp-json\/wp\/v2\/media?parent=40819"}],"curies":[{"name":"wp","href":"https:\/\/api.w.org\/{rel}","templated":true}]}}