{"id":40857,"date":"2024-12-31T18:55:00","date_gmt":"2024-12-31T16:55:00","guid":{"rendered":"https:\/\/www.schnauzerclub.sk\/stud-book\/2024-riesenschnauzer\/"},"modified":"2025-04-06T18:58:49","modified_gmt":"2025-04-06T16:58:49","slug":"2024-riesenschnauzer","status":"publish","type":"page","link":"https:\/\/www.schnauzerclub.sk\/en\/stud-book\/2024-riesenschnauzer\/","title":{"rendered":"2024 Riesenschnauzer"},"content":{"rendered":"\t\t<div data-elementor-type=\"wp-page\" data-elementor-id=\"40857\" class=\"elementor elementor-40857 elementor-40852\" data-elementor-post-type=\"page\">\n\t\t\t\t<div class=\"elementor-element elementor-element-341ee38 e-flex e-con-boxed e-con e-parent\" data-id=\"341ee38\" data-element_type=\"container\" data-e-type=\"container\">\n\t\t\t\t\t<div class=\"e-con-inner\">\n\t\t\t\t<div class=\"elementor-element elementor-element-137e52f elementor-widget elementor-widget-text-editor\" data-id=\"137e52f\" data-element_type=\"widget\" data-e-type=\"widget\" data-widget_type=\"text-editor.default\">\n\t\t\t\t<div class=\"elementor-widget-container\">\n\t\t\t\t\t\t\t\t\t<p><strong>Negroperlo<\/strong> \/Schwarz\/ <br>Kru\u013eov\u00e1 Em\u00edlia MUDr, Jasenovsk\u00e1 2418\/197, 066 01 Humenn\u00e9<span class=\"Apple-converted-space\"> <br><\/span>26.8.2024<span class=\"Apple-converted-space\"> <br><\/span>ARGOS Radinie\/CMKU 7899 ERIS Hexenwiese\/SPKP 2190 2287 P ABEDENGO CAIRO<span class=\"Apple-converted-space\"> <br><\/span>2288 P ALEWAMENTO SHIWA <br>2289 P AQUINO URSO <br>2290 P ANDAMAN HURICAN <br>2291 P ANDORIAN TARAN <br>2292 P ARCHIBALDO HERO <br>2293 P ARTABAN YUMO <br>2294 S AMELIA GAIA<span class=\"Apple-converted-space\"> <\/span><\/p>\t\t\t\t\t\t\t\t<\/div>\n\t\t\t\t<\/div>\n\t\t\t\t\t<\/div>\n\t\t\t\t<\/div>\n\t\t\t\t<\/div>\n\t\t","protected":false},"excerpt":{"rendered":"<p>Negroperlo \/Schwarz\/ Kru\u013eov\u00e1 Em\u00edlia MUDr, Jasenovsk\u00e1 2418\/197, 066 01 Humenn\u00e9 26.8.2024 ARGOS Radinie\/CMKU 7899 ERIS Hexenwiese\/SPKP 2190 2287 P ABEDENGO CAIRO 2288 P ALEWAMENTO SHIWA 2289 P AQUINO URSO 2290 P ANDAMAN HURICAN 2291 P ANDORIAN TARAN 2292 P ARCHIBALDO HERO 2293 P ARTABAN YUMO 2294 S AMELIA GAIA<\/p>\n","protected":false},"author":2,"featured_media":0,"parent":2990,"menu_order":0,"comment_status":"closed","ping_status":"closed","template":"","meta":{"slim_seo":{"title":"2024 Riesenschnauzer - KCHPB","description":"Negroperlo \/Schwarz\/ Kru\u013eov\u00e1 Em\u00edlia MUDr, Jasenovsk\u00e1 2418\/197, 066 01 Humenn\u00e9 26.8.2024 ARGOS Radinie\/CMKU 7899 ERIS Hexenwiese\/SPKP 2190 2287 P ABEDENGO CAIRO"},"footnotes":""},"class_list":["post-40857","page","type-page","status-publish","hentry"],"_links":{"self":[{"href":"https:\/\/www.schnauzerclub.sk\/en\/wp-json\/wp\/v2\/pages\/40857","targetHints":{"allow":["GET"]}}],"collection":[{"href":"https:\/\/www.schnauzerclub.sk\/en\/wp-json\/wp\/v2\/pages"}],"about":[{"href":"https:\/\/www.schnauzerclub.sk\/en\/wp-json\/wp\/v2\/types\/page"}],"author":[{"embeddable":true,"href":"https:\/\/www.schnauzerclub.sk\/en\/wp-json\/wp\/v2\/users\/2"}],"replies":[{"embeddable":true,"href":"https:\/\/www.schnauzerclub.sk\/en\/wp-json\/wp\/v2\/comments?post=40857"}],"version-history":[{"count":0,"href":"https:\/\/www.schnauzerclub.sk\/en\/wp-json\/wp\/v2\/pages\/40857\/revisions"}],"up":[{"embeddable":true,"href":"https:\/\/www.schnauzerclub.sk\/en\/wp-json\/wp\/v2\/pages\/2990"}],"wp:attachment":[{"href":"https:\/\/www.schnauzerclub.sk\/en\/wp-json\/wp\/v2\/media?parent=40857"}],"curies":[{"name":"wp","href":"https:\/\/api.w.org\/{rel}","templated":true}]}}