{"id":40866,"date":"2024-12-31T19:01:00","date_gmt":"2024-12-31T17:01:00","guid":{"rendered":"https:\/\/www.schnauzerclub.sk\/stud-book\/2024-schnauzer\/"},"modified":"2025-04-06T19:07:30","modified_gmt":"2025-04-06T17:07:30","slug":"2024-schnauzer","status":"publish","type":"page","link":"https:\/\/www.schnauzerclub.sk\/en\/stud-book\/2024-schnauzer\/","title":{"rendered":"2024 Schnauzer"},"content":{"rendered":"\t\t<div data-elementor-type=\"wp-page\" data-elementor-id=\"40866\" class=\"elementor elementor-40866 elementor-40861\" data-elementor-post-type=\"page\">\n\t\t\t\t<div class=\"elementor-element elementor-element-3dae7ab e-flex e-con-boxed e-con e-parent\" data-id=\"3dae7ab\" data-element_type=\"container\" data-e-type=\"container\">\n\t\t\t\t\t<div class=\"e-con-inner\">\n\t\t\t\t<div class=\"elementor-element elementor-element-66b62db elementor-widget elementor-widget-text-editor\" data-id=\"66b62db\" data-element_type=\"widget\" data-e-type=\"widget\" data-widget_type=\"text-editor.default\">\n\t\t\t\t<div class=\"elementor-widget-container\">\n\t\t\t\t\t\t\t\t\t<p><strong>von Trebete<\/strong> \/ Schwarz\/ <br>Pol\u00e1kov\u00e1 Dagmar, Ing, Z\u00e1humensk\u00e1 534\/2, 922 10 Trebatice <br>10.1.2024 <br>GAUDEAMUS od Dalajsk\u00e9ho potoka\/ SPKP 1570 <br>AFRODITA Bagsin dv\u00far\/ SPKP 1568 <br>1641 P BOJAR <br>1642 P BADDY <br>1643 P BAILEY <br>1644 P BONO <br>1645 S BAYA<span class=\"Apple-converted-space\"> <br><\/span>1646 S BARBARA<span class=\"Apple-converted-space\"> <br><\/span>1647 S BONNIE<span class=\"Apple-converted-space\"> <br><\/span>1648 S BONY<span class=\"Apple-converted-space\"> <\/span><\/p><p><strong>z Romoru<\/strong> \/Saltzapeper\/ <br>Drli\u010dkov\u00e1 Krist\u00edna, Koll\u00e1rova 1634\/7, 921 01 Pie\u0161\u0165any <br>2.2.2024 <br>JASIR z Romoru\/ SPKP 1554 <br>Kassey Saltus ze Zahrabske\/ SPKP 1514 <br>1649 P ONYX <br>1650 P OBELIX <br>1651 P OLIVIER <br>1652 P OZZY <br>1653 P ORION<span class=\"Apple-converted-space\"> <br><\/span>1654 P OTTO<span class=\"Apple-converted-space\"> <br><\/span>1655 P OSKAR<span class=\"Apple-converted-space\"> <br><\/span>1656 S OFRA<span class=\"Apple-converted-space\"> <br><\/span>1657 S OLYMPIA<span class=\"Apple-converted-space\"> <br><\/span>1658 S OXANA<span class=\"Apple-converted-space\"> <br><\/span>1659 S OLIVIA<span class=\"Apple-converted-space\"> <br><\/span>1660 S ORNELLA<span class=\"Apple-converted-space\"> <\/span><\/p><p><strong>Sioux Warrior<\/strong> \/Saltzpeper\/<span class=\"Apple-converted-space\"> <br><\/span>\u0160lachta Matej, 906 36 Plaveck\u00e9 Podhradie 235<span class=\"Apple-converted-space\"> <br><\/span>5.6.2024<span class=\"Apple-converted-space\"> <br><\/span>DAMON Alarm Beskyd\/ SPKP 1599<span class=\"Apple-converted-space\"> <br><\/span>CATHY Koberno Czech\/ SPKP 1551<span class=\"Apple-converted-space\"> <br><\/span>1662 P AARON<span class=\"Apple-converted-space\"> <br><\/span>1663 P AZAR<span class=\"Apple-converted-space\"> <br><\/span>1664 P ADEN<span class=\"Apple-converted-space\"> <br><\/span>1665 S AWESSOME FREYA<span class=\"Apple-converted-space\"> <br><\/span>1666 S AURA<span class=\"Apple-converted-space\"> <br><\/span>1667 S AXA<span class=\"Apple-converted-space\"> <br><\/span>1668 S ANDA<span class=\"Apple-converted-space\"> <br><\/span>1669 S AJKA<span class=\"Apple-converted-space\"> <\/span><\/p>\t\t\t\t\t\t\t\t<\/div>\n\t\t\t\t<\/div>\n\t\t\t\t\t<\/div>\n\t\t\t\t<\/div>\n\t\t\t\t<\/div>\n\t\t","protected":false},"excerpt":{"rendered":"<p>von Trebete \/ Schwarz\/ Pol\u00e1kov\u00e1 Dagmar, Ing, Z\u00e1humensk\u00e1 534\/2, 922 10 Trebatice 10.1.2024 GAUDEAMUS od Dalajsk\u00e9ho potoka\/ SPKP 1570 AFRODITA Bagsin dv\u00far\/ SPKP 1568 1641 P BOJAR 1642 P BADDY 1643 P BAILEY 1644 P BONO 1645 S BAYA 1646 S BARBARA 1647 S BONNIE 1648 S BONY z Romoru \/Saltzapeper\/ Drli\u010dkov\u00e1 Krist\u00edna, Koll\u00e1rova 1634\/7, [&hellip;]<\/p>\n","protected":false},"author":2,"featured_media":0,"parent":2990,"menu_order":0,"comment_status":"closed","ping_status":"closed","template":"","meta":{"slim_seo":{"title":"2024 Schnauzer - KCHPB","description":"von Trebete \/ Schwarz\/ Pol\u00e1kov\u00e1 Dagmar, Ing, Z\u00e1humensk\u00e1 534\/2, 922 10 Trebatice 10.1.2024 GAUDEAMUS od Dalajsk\u00e9ho potoka\/ SPKP 1570 AFRODITA Bagsin dv\u00far\/ SPKP 1"},"footnotes":""},"class_list":["post-40866","page","type-page","status-publish","hentry"],"_links":{"self":[{"href":"https:\/\/www.schnauzerclub.sk\/en\/wp-json\/wp\/v2\/pages\/40866","targetHints":{"allow":["GET"]}}],"collection":[{"href":"https:\/\/www.schnauzerclub.sk\/en\/wp-json\/wp\/v2\/pages"}],"about":[{"href":"https:\/\/www.schnauzerclub.sk\/en\/wp-json\/wp\/v2\/types\/page"}],"author":[{"embeddable":true,"href":"https:\/\/www.schnauzerclub.sk\/en\/wp-json\/wp\/v2\/users\/2"}],"replies":[{"embeddable":true,"href":"https:\/\/www.schnauzerclub.sk\/en\/wp-json\/wp\/v2\/comments?post=40866"}],"version-history":[{"count":0,"href":"https:\/\/www.schnauzerclub.sk\/en\/wp-json\/wp\/v2\/pages\/40866\/revisions"}],"up":[{"embeddable":true,"href":"https:\/\/www.schnauzerclub.sk\/en\/wp-json\/wp\/v2\/pages\/2990"}],"wp:attachment":[{"href":"https:\/\/www.schnauzerclub.sk\/en\/wp-json\/wp\/v2\/media?parent=40866"}],"curies":[{"name":"wp","href":"https:\/\/api.w.org\/{rel}","templated":true}]}}